{"id":151,"date":"2018-06-08T21:35:40","date_gmt":"2018-06-08T19:35:40","guid":{"rendered":"http:\/\/hycaris.com\/?page_id=151"},"modified":"2020-12-08T10:01:47","modified_gmt":"2020-12-08T09:01:47","slug":"notre-methode","status":"publish","type":"page","link":"https:\/\/hycaris.com\/index.php\/notre-methode\/","title":{"rendered":"Notre m\u00e9thode"},"content":{"rendered":"\t\t<div data-elementor-type=\"wp-page\" data-elementor-id=\"151\" class=\"elementor elementor-151\" data-elementor-settings=\"[]\">\n\t\t\t\t\t\t<div class=\"elementor-inner\">\n\t\t\t\t\t\t\t<div class=\"elementor-section-wrap\">\n\t\t\t\t\t\t\t<section class=\"elementor-section elementor-top-section elementor-element elementor-element-3f7cc48 elementor-section-boxed elementor-section-height-default elementor-section-height-default\" data-id=\"3f7cc48\" data-element_type=\"section\">\n\t\t\t\t\t\t<div class=\"elementor-container elementor-column-gap-default\">\n\t\t\t\t\t\t\t<div class=\"elementor-row\">\n\t\t\t\t\t<div class=\"elementor-column elementor-col-100 elementor-top-column elementor-element elementor-element-1a48701\" data-id=\"1a48701\" data-element_type=\"column\">\n\t\t\t<div class=\"elementor-column-wrap elementor-element-populated\">\n\t\t\t\t\t\t\t<div class=\"elementor-widget-wrap\">\n\t\t\t\t\t\t<div class=\"elementor-element elementor-element-fb98b41 elementor-widget elementor-widget-image\" data-id=\"fb98b41\" data-element_type=\"widget\" data-widget_type=\"image.default\">\n\t\t\t\t<div class=\"elementor-widget-container\">\n\t\t\t\t\t\t\t\t<div class=\"elementor-image\">\n\t\t\t\t\t\t\t\t\t\t\t\t<img width=\"2048\" height=\"1463\" src=\"https:\/\/hycaris.com\/wp-content\/uploads\/2020\/11\/sch\u00e9ma-m\u00e9thode-v2-2048x1463.png\" class=\"attachment-2048x2048 size-2048x2048\" alt=\"Comprendre la m\u00e9thode Hycaris\" loading=\"lazy\" srcset=\"https:\/\/hycaris.com\/wp-content\/uploads\/2020\/11\/sch\u00e9ma-m\u00e9thode-v2-2048x1463.png 2048w, https:\/\/hycaris.com\/wp-content\/uploads\/2020\/11\/sch\u00e9ma-m\u00e9thode-v2-300x214.png 300w, https:\/\/hycaris.com\/wp-content\/uploads\/2020\/11\/sch\u00e9ma-m\u00e9thode-v2-1024x731.png 1024w, https:\/\/hycaris.com\/wp-content\/uploads\/2020\/11\/sch\u00e9ma-m\u00e9thode-v2-768x549.png 768w, https:\/\/hycaris.com\/wp-content\/uploads\/2020\/11\/sch\u00e9ma-m\u00e9thode-v2-1536x1097.png 1536w, https:\/\/hycaris.com\/wp-content\/uploads\/2020\/11\/sch\u00e9ma-m\u00e9thode-v2-600x429.png 600w\" sizes=\"(max-width: 2048px) 100vw, 2048px\" \/>\t\t\t\t\t\t\t\t\t\t\t\t\t\t<\/div>\n\t\t\t\t\t\t<\/div>\n\t\t\t\t<\/div>\n\t\t\t\t\t\t<\/div>\n\t\t\t\t\t<\/div>\n\t\t<\/div>\n\t\t\t\t\t\t\t\t<\/div>\n\t\t\t\t\t<\/div>\n\t\t<\/section>\n\t\t\t\t<section class=\"elementor-section elementor-top-section elementor-element elementor-element-18fa7fcb elementor-section-boxed elementor-section-height-default elementor-section-height-default\" data-id=\"18fa7fcb\" data-element_type=\"section\">\n\t\t\t\t\t\t<div class=\"elementor-container elementor-column-gap-default\">\n\t\t\t\t\t\t\t<div class=\"elementor-row\">\n\t\t\t\t\t<div class=\"elementor-column elementor-col-100 elementor-top-column elementor-element elementor-element-5ecbaf97\" data-id=\"5ecbaf97\" data-element_type=\"column\">\n\t\t\t<div class=\"elementor-column-wrap elementor-element-populated\">\n\t\t\t\t\t\t\t<div class=\"elementor-widget-wrap\">\n\t\t\t\t\t\t<div class=\"elementor-element elementor-element-1f11710d elementor-widget elementor-widget-text-editor\" data-id=\"1f11710d\" data-element_type=\"widget\" data-widget_type=\"text-editor.default\">\n\t\t\t\t<div class=\"elementor-widget-container\">\n\t\t\t\t\t\t\t\t<div class=\"elementor-text-editor elementor-clearfix\">\n\t\t\t\t<h4><span>Nous avons une approche globale\u2026<\/span><\/h4><p><\/p><p><span>Notre mission est d\u2019accompagner les acteurs de l\u2019entreprise vers plus de motivation, d\u2019enthousiasme, plus d\u2019\u00e9nergie, de m\u00e9thode. C\u2019est d\u00e9velopper leur savoir, savoir-faire, savoir-\u00eatre, savoir-faire faire\u2026 Leur permettre d\u2019exploiter au maximum leur potentiel et tendre vers l\u2019\u00e9quilibre\u2026 Avec la pens\u00e9e permanente que le corps et l\u2019esprit sont indissociable, que la physiologie et la psychologie sont \u00e9troitement li\u00e9s.<\/span><\/p><p>Nous avons con\u00e7u une m\u00e9thode avec :<\/p><ul><li>Une <strong>plateforme de formation \u00e0 distance<\/strong> : des <strong>vid\u00e9os dynamiques<\/strong> avec fort apport p\u00e9dagogique, inspir\u00e9es des travaux en neuroscience pour un ancrage durable de la connaissance.<\/li><li><strong>Des s\u00e9ances de 5 min \/ par jour<\/strong>&#8230; \u00ab\u00a0parce qu&rsquo;on a toujours 5 min dans sa journ\u00e9e\u00a0\u00bb. Pour plus d&rsquo;agilit\u00e9 et qui s&rsquo;adapte \u00e0 toutes organisations !<\/li><li>Un <strong>acc\u00e8s personnalis\u00e9 et illimit\u00e9<\/strong> (partout, tout le temps) \u00e0 cette plateforme pour que l&rsquo;acc\u00e8s \u00e0 la connaissance ne soit plus limit\u00e9 !<\/li><li>Un <strong>accompagnement pr\u00e9sentiel pour apprendre \u00e0 apprendre<\/strong>. Nous accompagnons les managers, les personnes relais sur l&rsquo;utilisation de la plateforme sur le terrain, nous co-construisons les m\u00e9thodes d&rsquo;animations pour qu&rsquo;ils s&rsquo;entra\u00eenent.<\/li><li>Des <strong>outils p\u00e9dagogiques pour mesurer le progr\u00e8s<\/strong> : notre volont\u00e9 est d&rsquo;<strong>apporter des r\u00e9sultats<\/strong>. La mesure du progr\u00e8s est d\u00e9terminante. Nous vous apportons des outils p\u00e9dagogiques pour mesurer les progr\u00e8s (auto-diagnostiques, questionnaires d&rsquo;\u00e9valuation, outils d&rsquo;animation&#8230;).<\/li><li>Des <strong>Webinars<\/strong> pour aller plus loin r\u00e9guli\u00e8rement.<\/li><\/ul><p><a href=\"http:\/\/hycaris.com\/index.php\/une-offre-globale-adaptee-a-vos-besoins\/\" class=\"btn btn-primary btn-lg\">D\u00e9couvrez notre offre<\/a><\/p>\t\t\t\t\t<\/div>\n\t\t\t\t\t\t<\/div>\n\t\t\t\t<\/div>\n\t\t\t\t\t\t<\/div>\n\t\t\t\t\t<\/div>\n\t\t<\/div>\n\t\t\t\t\t\t\t\t<\/div>\n\t\t\t\t\t<\/div>\n\t\t<\/section>\n\t\t\t\t\t\t<\/div>\n\t\t\t\t\t\t<\/div>\n\t\t\t\t\t<\/div>\n\t\t","protected":false},"excerpt":{"rendered":"<p>Nous avons une approche globale\u2026 Notre mission est d\u2019accompagner les acteurs de l\u2019entreprise vers plus de motivation, d\u2019enthousiasme, plus d\u2019\u00e9nergie, de m\u00e9thode. C\u2019est d\u00e9velopper leur savoir, savoir-faire, savoir-\u00eatre, savoir-faire faire\u2026 Leur permettre d\u2019exploiter au maximum leur potentiel et tendre vers l\u2019\u00e9quilibre\u2026 Avec la pens\u00e9e permanente que le corps et l\u2019esprit [&hellip;]<\/p>\n","protected":false},"author":1,"featured_media":338,"parent":0,"menu_order":0,"comment_status":"closed","ping_status":"closed","template":"","meta":{"spay_email":""},"yoast_head":"<!-- This site is optimized with the Yoast SEO plugin v16.9 - https:\/\/yoast.com\/wordpress\/plugins\/seo\/ -->\n<title>Notre m\u00e9thode &bull; Hycaris<\/title>\n<meta name=\"robots\" content=\"index, follow, max-snippet:-1, max-image-preview:large, max-video-preview:-1\" \/>\n<link rel=\"canonical\" href=\"https:\/\/hycaris.com\/index.php\/notre-methode\/\" \/>\n<meta property=\"og:locale\" content=\"fr_FR\" \/>\n<meta property=\"og:type\" content=\"article\" \/>\n<meta property=\"og:title\" content=\"Notre m\u00e9thode &bull; Hycaris\" \/>\n<meta property=\"og:description\" content=\"Nous avons une approche globale\u2026 Notre mission est d\u2019accompagner les acteurs de l\u2019entreprise vers plus de motivation, d\u2019enthousiasme, plus d\u2019\u00e9nergie, de m\u00e9thode. C\u2019est d\u00e9velopper leur savoir, savoir-faire, savoir-\u00eatre, savoir-faire faire\u2026 Leur permettre d\u2019exploiter au maximum leur potentiel et tendre vers l\u2019\u00e9quilibre\u2026 Avec la pens\u00e9e permanente que le corps et l\u2019esprit [&hellip;]\" \/>\n<meta property=\"og:url\" content=\"https:\/\/hycaris.com\/index.php\/notre-methode\/\" \/>\n<meta property=\"og:site_name\" content=\"Hycaris\" \/>\n<meta property=\"article:publisher\" content=\"https:\/\/www.facebook.com\/Hycaris\/\" \/>\n<meta property=\"article:modified_time\" content=\"2020-12-08T09:01:47+00:00\" \/>\n<meta property=\"og:image\" content=\"https:\/\/hycaris.com\/wp-content\/uploads\/2019\/09\/UhmCM2u8QTafFbZWHZJ6tQ-1024x768.jpg\" \/>\n\t<meta property=\"og:image:width\" content=\"1024\" \/>\n\t<meta property=\"og:image:height\" content=\"768\" \/>\n<meta name=\"twitter:card\" content=\"summary_large_image\" \/>\n<meta name=\"twitter:label1\" content=\"Dur\u00e9e de lecture est.\" \/>\n\t<meta name=\"twitter:data1\" content=\"1 minute\" \/>\n<script type=\"application\/ld+json\" class=\"yoast-schema-graph\">{\"@context\":\"https:\/\/schema.org\",\"@graph\":[{\"@type\":\"Organization\",\"@id\":\"https:\/\/hycaris.com\/#organization\",\"name\":\"Hycaris\",\"url\":\"https:\/\/hycaris.com\/\",\"sameAs\":[\"https:\/\/www.facebook.com\/Hycaris\/\",\"https:\/\/www.linkedin.com\/company\/18849376\",\"https:\/\/www.youtube.com\/channel\/UCviY-iPvFi0JS5Z4UsTutlg\"],\"logo\":{\"@type\":\"ImageObject\",\"@id\":\"https:\/\/hycaris.com\/#logo\",\"inLanguage\":\"fr-FR\",\"url\":\"https:\/\/hycaris.com\/wp-content\/uploads\/2018\/06\/logo-Hycaris-4-couleur.png\",\"contentUrl\":\"https:\/\/hycaris.com\/wp-content\/uploads\/2018\/06\/logo-Hycaris-4-couleur.png\",\"width\":550,\"height\":350,\"caption\":\"Hycaris\"},\"image\":{\"@id\":\"https:\/\/hycaris.com\/#logo\"}},{\"@type\":\"WebSite\",\"@id\":\"https:\/\/hycaris.com\/#website\",\"url\":\"https:\/\/hycaris.com\/\",\"name\":\"Hycaris\",\"description\":\"L&#039;\\u00e9quilibre en entreprise\",\"publisher\":{\"@id\":\"https:\/\/hycaris.com\/#organization\"},\"potentialAction\":[{\"@type\":\"SearchAction\",\"target\":{\"@type\":\"EntryPoint\",\"urlTemplate\":\"https:\/\/hycaris.com\/?s={search_term_string}\"},\"query-input\":\"required name=search_term_string\"}],\"inLanguage\":\"fr-FR\"},{\"@type\":\"ImageObject\",\"@id\":\"https:\/\/hycaris.com\/index.php\/notre-methode\/#primaryimage\",\"inLanguage\":\"fr-FR\",\"url\":\"https:\/\/hycaris.com\/wp-content\/uploads\/2019\/09\/UhmCM2u8QTafFbZWHZJ6tQ.jpg\",\"contentUrl\":\"https:\/\/hycaris.com\/wp-content\/uploads\/2019\/09\/UhmCM2u8QTafFbZWHZJ6tQ.jpg\",\"width\":4032,\"height\":3024},{\"@type\":\"WebPage\",\"@id\":\"https:\/\/hycaris.com\/index.php\/notre-methode\/#webpage\",\"url\":\"https:\/\/hycaris.com\/index.php\/notre-methode\/\",\"name\":\"Notre m\\u00e9thode &bull; Hycaris\",\"isPartOf\":{\"@id\":\"https:\/\/hycaris.com\/#website\"},\"primaryImageOfPage\":{\"@id\":\"https:\/\/hycaris.com\/index.php\/notre-methode\/#primaryimage\"},\"datePublished\":\"2018-06-08T19:35:40+00:00\",\"dateModified\":\"2020-12-08T09:01:47+00:00\",\"breadcrumb\":{\"@id\":\"https:\/\/hycaris.com\/index.php\/notre-methode\/#breadcrumb\"},\"inLanguage\":\"fr-FR\",\"potentialAction\":[{\"@type\":\"ReadAction\",\"target\":[\"https:\/\/hycaris.com\/index.php\/notre-methode\/\"]}]},{\"@type\":\"BreadcrumbList\",\"@id\":\"https:\/\/hycaris.com\/index.php\/notre-methode\/#breadcrumb\",\"itemListElement\":[{\"@type\":\"ListItem\",\"position\":1,\"name\":\"Accueil\",\"item\":\"https:\/\/hycaris.com\/\"},{\"@type\":\"ListItem\",\"position\":2,\"name\":\"Notre m\\u00e9thode\"}]}]}<\/script>\n<!-- \/ Yoast SEO plugin. -->","yoast_head_json":{"title":"Notre m\u00e9thode &bull; Hycaris","robots":{"index":"index","follow":"follow","max-snippet":"max-snippet:-1","max-image-preview":"max-image-preview:large","max-video-preview":"max-video-preview:-1"},"canonical":"https:\/\/hycaris.com\/index.php\/notre-methode\/","og_locale":"fr_FR","og_type":"article","og_title":"Notre m\u00e9thode &bull; Hycaris","og_description":"Nous avons une approche globale\u2026 Notre mission est d\u2019accompagner les acteurs de l\u2019entreprise vers plus de motivation, d\u2019enthousiasme, plus d\u2019\u00e9nergie, de m\u00e9thode. C\u2019est d\u00e9velopper leur savoir, savoir-faire, savoir-\u00eatre, savoir-faire faire\u2026 Leur permettre d\u2019exploiter au maximum leur potentiel et tendre vers l\u2019\u00e9quilibre\u2026 Avec la pens\u00e9e permanente que le corps et l\u2019esprit [&hellip;]","og_url":"https:\/\/hycaris.com\/index.php\/notre-methode\/","og_site_name":"Hycaris","article_publisher":"https:\/\/www.facebook.com\/Hycaris\/","article_modified_time":"2020-12-08T09:01:47+00:00","og_image":[{"width":1024,"height":768,"path":"2019\/09\/UhmCM2u8QTafFbZWHZJ6tQ-1024x768.jpg","url":"https:\/\/hycaris.com\/wp-content\/uploads\/2019\/09\/UhmCM2u8QTafFbZWHZJ6tQ-1024x768.jpg","size":"large","id":338,"alt":"","pixels":786432,"type":"image\/jpeg"}],"twitter_card":"summary_large_image","twitter_misc":{"Dur\u00e9e de lecture est.":"1 minute"},"schema":{"@context":"https:\/\/schema.org","@graph":[{"@type":"Organization","@id":"https:\/\/hycaris.com\/#organization","name":"Hycaris","url":"https:\/\/hycaris.com\/","sameAs":["https:\/\/www.facebook.com\/Hycaris\/","https:\/\/www.linkedin.com\/company\/18849376","https:\/\/www.youtube.com\/channel\/UCviY-iPvFi0JS5Z4UsTutlg"],"logo":{"@type":"ImageObject","@id":"https:\/\/hycaris.com\/#logo","inLanguage":"fr-FR","url":"https:\/\/hycaris.com\/wp-content\/uploads\/2018\/06\/logo-Hycaris-4-couleur.png","contentUrl":"https:\/\/hycaris.com\/wp-content\/uploads\/2018\/06\/logo-Hycaris-4-couleur.png","width":550,"height":350,"caption":"Hycaris"},"image":{"@id":"https:\/\/hycaris.com\/#logo"}},{"@type":"WebSite","@id":"https:\/\/hycaris.com\/#website","url":"https:\/\/hycaris.com\/","name":"Hycaris","description":"L&#039;\u00e9quilibre en entreprise","publisher":{"@id":"https:\/\/hycaris.com\/#organization"},"potentialAction":[{"@type":"SearchAction","target":{"@type":"EntryPoint","urlTemplate":"https:\/\/hycaris.com\/?s={search_term_string}"},"query-input":"required name=search_term_string"}],"inLanguage":"fr-FR"},{"@type":"ImageObject","@id":"https:\/\/hycaris.com\/index.php\/notre-methode\/#primaryimage","inLanguage":"fr-FR","url":"https:\/\/hycaris.com\/wp-content\/uploads\/2019\/09\/UhmCM2u8QTafFbZWHZJ6tQ.jpg","contentUrl":"https:\/\/hycaris.com\/wp-content\/uploads\/2019\/09\/UhmCM2u8QTafFbZWHZJ6tQ.jpg","width":4032,"height":3024},{"@type":"WebPage","@id":"https:\/\/hycaris.com\/index.php\/notre-methode\/#webpage","url":"https:\/\/hycaris.com\/index.php\/notre-methode\/","name":"Notre m\u00e9thode &bull; Hycaris","isPartOf":{"@id":"https:\/\/hycaris.com\/#website"},"primaryImageOfPage":{"@id":"https:\/\/hycaris.com\/index.php\/notre-methode\/#primaryimage"},"datePublished":"2018-06-08T19:35:40+00:00","dateModified":"2020-12-08T09:01:47+00:00","breadcrumb":{"@id":"https:\/\/hycaris.com\/index.php\/notre-methode\/#breadcrumb"},"inLanguage":"fr-FR","potentialAction":[{"@type":"ReadAction","target":["https:\/\/hycaris.com\/index.php\/notre-methode\/"]}]},{"@type":"BreadcrumbList","@id":"https:\/\/hycaris.com\/index.php\/notre-methode\/#breadcrumb","itemListElement":[{"@type":"ListItem","position":1,"name":"Accueil","item":"https:\/\/hycaris.com\/"},{"@type":"ListItem","position":2,"name":"Notre m\u00e9thode"}]}]}},"_links":{"self":[{"href":"https:\/\/hycaris.com\/index.php\/wp-json\/wp\/v2\/pages\/151"}],"collection":[{"href":"https:\/\/hycaris.com\/index.php\/wp-json\/wp\/v2\/pages"}],"about":[{"href":"https:\/\/hycaris.com\/index.php\/wp-json\/wp\/v2\/types\/page"}],"author":[{"embeddable":true,"href":"https:\/\/hycaris.com\/index.php\/wp-json\/wp\/v2\/users\/1"}],"replies":[{"embeddable":true,"href":"https:\/\/hycaris.com\/index.php\/wp-json\/wp\/v2\/comments?post=151"}],"version-history":[{"count":17,"href":"https:\/\/hycaris.com\/index.php\/wp-json\/wp\/v2\/pages\/151\/revisions"}],"predecessor-version":[{"id":976,"href":"https:\/\/hycaris.com\/index.php\/wp-json\/wp\/v2\/pages\/151\/revisions\/976"}],"wp:featuredmedia":[{"embeddable":true,"href":"https:\/\/hycaris.com\/index.php\/wp-json\/wp\/v2\/media\/338"}],"wp:attachment":[{"href":"https:\/\/hycaris.com\/index.php\/wp-json\/wp\/v2\/media?parent=151"}],"curies":[{"name":"wp","href":"https:\/\/api.w.org\/{rel}","templated":true}]}}