{"id":2499,"date":"2021-09-14T11:57:26","date_gmt":"2021-09-14T09:57:26","guid":{"rendered":"https:\/\/hycaris.com\/?page_id=2499"},"modified":"2023-09-14T10:16:00","modified_gmt":"2023-09-14T08:16:00","slug":"elementor-2499","status":"publish","type":"page","link":"https:\/\/hycaris.com\/index.php\/elementor-2499\/","title":{"rendered":"Acc\u00e8s membre"},"content":{"rendered":"\t\t<div data-elementor-type=\"wp-page\" data-elementor-id=\"2499\" class=\"elementor elementor-2499\" data-elementor-settings=\"[]\">\n\t\t\t\t\t\t<div class=\"elementor-inner\">\n\t\t\t\t\t\t\t<div class=\"elementor-section-wrap\">\n\t\t\t\t\t\t\t<section class=\"elementor-section elementor-top-section elementor-element elementor-element-606fe00f elementor-section-boxed elementor-section-height-default elementor-section-height-default\" data-id=\"606fe00f\" data-element_type=\"section\">\n\t\t\t\t\t\t<div class=\"elementor-container elementor-column-gap-default\">\n\t\t\t\t\t\t\t<div class=\"elementor-row\">\n\t\t\t\t\t<div class=\"elementor-column elementor-col-100 elementor-top-column elementor-element elementor-element-4c400942\" data-id=\"4c400942\" data-element_type=\"column\">\n\t\t\t<div class=\"elementor-column-wrap elementor-element-populated\">\n\t\t\t\t\t\t\t<div class=\"elementor-widget-wrap\">\n\t\t\t\t\t\t<div class=\"elementor-element elementor-element-145d22a1 elementor-widget elementor-widget-text-editor\" data-id=\"145d22a1\" data-element_type=\"widget\" data-widget_type=\"text-editor.default\">\n\t\t\t\t<div class=\"elementor-widget-container\">\n\t\t\t\t\t\t\t\t<div class=\"elementor-text-editor elementor-clearfix\">\n\t\t\t\t<!-- wp:themeisle-blocks\/advanced-columns {\"id\":\"wp-block-themeisle-blocks-advanced-columns-e5a67188\"} -->\n<div class=\"wp-block-themeisle-blocks-advanced-columns has-undefined-columns has-desktop-undefined-layout has-tablet-equal-layout has-mobile-equal-layout has-default-gap has-vertical-unset\" id=\"wp-block-themeisle-blocks-advanced-columns-e5a67188\"><div class=\"wp-block-themeisle-blocks-advanced-columns-overlay\"><\/div><div class=\"innerblocks-wrap\"><\/div><\/div>\n<!-- \/wp:themeisle-blocks\/advanced-columns -->\t\t\t\t\t<\/div>\n\t\t\t\t\t\t<\/div>\n\t\t\t\t<\/div>\n\t\t\t\t\t\t<\/div>\n\t\t\t\t\t<\/div>\n\t\t<\/div>\n\t\t\t\t\t\t\t\t<\/div>\n\t\t\t\t\t<\/div>\n\t\t<\/section>\n\t\t\t\t<section class=\"elementor-section elementor-top-section elementor-element elementor-element-a9a5c8c elementor-section-full_width elementor-section-stretched elementor-section-height-default elementor-section-height-default\" data-id=\"a9a5c8c\" data-element_type=\"section\" data-settings=\"{&quot;stretch_section&quot;:&quot;section-stretched&quot;}\">\n\t\t\t\t\t\t<div class=\"elementor-container elementor-column-gap-default\">\n\t\t\t\t\t\t\t<div class=\"elementor-row\">\n\t\t\t\t\t<div class=\"elementor-column elementor-col-50 elementor-top-column elementor-element elementor-element-7fc394a\" data-id=\"7fc394a\" data-element_type=\"column\">\n\t\t\t<div class=\"elementor-column-wrap elementor-element-populated\">\n\t\t\t\t\t\t\t<div class=\"elementor-widget-wrap\">\n\t\t\t\t\t\t<div class=\"elementor-element elementor-element-461ae30 elementor-align-center elementor-widget elementor-widget-button\" data-id=\"461ae30\" data-element_type=\"widget\" data-widget_type=\"button.default\">\n\t\t\t\t<div class=\"elementor-widget-container\">\n\t\t\t\t\t<div class=\"elementor-button-wrapper\">\n\t\t\t<a href=\"https:\/\/e-training.hycaris.com\/auth\/\" class=\"elementor-button-link elementor-button elementor-size-sm\" role=\"button\">\n\t\t\t\t\t\t<span class=\"elementor-button-content-wrapper\">\n\t\t\t\t\t\t<span class=\"elementor-button-text\">Plateforme e-training<\/span>\n\t\t<\/span>\n\t\t\t\t\t<\/a>\n\t\t<\/div>\n\t\t\t\t<\/div>\n\t\t\t\t<\/div>\n\t\t\t\t<div class=\"elementor-element elementor-element-9b1c217 elementor-widget elementor-widget-text-editor\" data-id=\"9b1c217\" data-element_type=\"widget\" data-widget_type=\"text-editor.default\">\n\t\t\t\t<div class=\"elementor-widget-container\">\n\t\t\t\t\t\t\t\t<div class=\"elementor-text-editor elementor-clearfix\">\n\t\t\t\t<p>Vous avez souscrit \u00e0 l&rsquo;abonnement pour profiter de notre plateforme e-training ?<\/p>\n<p>Connectez-vous et accedez \u00e0 l&rsquo;ensemble des routines pour apprendre et progresser en 5 minutes par jour dans les domaines de :<\/p>\n<ul>\n<li>la pr\u00e9vention et la pr\u00e9paration physique au travail\u00a0<\/li>\n<li>la communication positive\u00a0<\/li>\n<li>le management\u00a0<\/li>\n<li>l\u2019organisation<\/li>\n<\/ul>\n<div>V<a href=\"https:\/\/hycaris.com\/index.php\/contact\/\" target=\"_blank\" style=\"background-color: #ffffff;\" rel=\"noopener\">ous n&rsquo;\u00eates pas encore inscrit ? Contactez-nous !<\/a><\/div>\t\t\t\t\t<\/div>\n\t\t\t\t\t\t<\/div>\n\t\t\t\t<\/div>\n\t\t\t\t<div class=\"elementor-element elementor-element-76792fa elementor-widget elementor-widget-spacer\" data-id=\"76792fa\" data-element_type=\"widget\" data-widget_type=\"spacer.default\">\n\t\t\t\t<div class=\"elementor-widget-container\">\n\t\t\t\t\t<div class=\"elementor-spacer\">\n\t\t\t<div class=\"elementor-spacer-inner\"><\/div>\n\t\t<\/div>\n\t\t\t\t<\/div>\n\t\t\t\t<\/div>\n\t\t\t\t\t\t<\/div>\n\t\t\t\t\t<\/div>\n\t\t<\/div>\n\t\t\t\t<div class=\"elementor-column elementor-col-50 elementor-top-column elementor-element elementor-element-b878cad\" data-id=\"b878cad\" data-element_type=\"column\">\n\t\t\t<div class=\"elementor-column-wrap elementor-element-populated\">\n\t\t\t\t\t\t\t<div class=\"elementor-widget-wrap\">\n\t\t\t\t\t\t<div class=\"elementor-element elementor-element-c53bd67 elementor-align-center elementor-widget elementor-widget-button\" data-id=\"c53bd67\" data-element_type=\"widget\" data-widget_type=\"button.default\">\n\t\t\t\t<div class=\"elementor-widget-container\">\n\t\t\t\t\t<div class=\"elementor-button-wrapper\">\n\t\t\t<a href=\"https:\/\/hycaris.com\/index.php\/espace-membre-prive\/\" target=\"_blank\" class=\"elementor-button-link elementor-button elementor-size-sm\" role=\"button\">\n\t\t\t\t\t\t<span class=\"elementor-button-content-wrapper\">\n\t\t\t\t\t\t<span class=\"elementor-button-text\">Espace membre<\/span>\n\t\t<\/span>\n\t\t\t\t\t<\/a>\n\t\t<\/div>\n\t\t\t\t<\/div>\n\t\t\t\t<\/div>\n\t\t\t\t<div class=\"elementor-element elementor-element-c747bd5 elementor-widget elementor-widget-text-editor\" data-id=\"c747bd5\" data-element_type=\"widget\" data-widget_type=\"text-editor.default\">\n\t\t\t\t<div class=\"elementor-widget-container\">\n\t\t\t\t\t\t\t\t<div class=\"elementor-text-editor elementor-clearfix\">\n\t\t\t\t<section class=\"elementor-section elementor-top-section elementor-element elementor-element-7dc8c21 elementor-section-boxed elementor-section-height-default elementor-section-height-default\" data-id=\"7dc8c21\" data-element_type=\"section\">\n<div class=\"elementor-container elementor-column-gap-default\">\n<div class=\"elementor-row\" style=\"width: 750px;\">\n<div class=\"elementor-column elementor-col-100 elementor-top-column elementor-element elementor-element-ee109b6\" data-id=\"ee109b6\" data-element_type=\"column\" style=\"width: 750px;\">\n<div class=\"elementor-column-wrap elementor-element-populated\" style=\"width: 750px;\">\n<div class=\"elementor-widget-wrap\" style=\"width: 730px;\">\n<div class=\"elementor-element elementor-element-88e7183 elementor-widget elementor-widget-text-editor\" data-id=\"88e7183\" data-element_type=\"widget\" data-widget_type=\"text-editor.default\" style=\"width: 730px;\">\n<div class=\"elementor-widget-container\">\n<div class=\"elementor-text-editor elementor-clearfix\">\n<p><span style=\"font-size: inherit;\">Sur cette page r\u00e9serv\u00e9e aux adh\u00e9rents de la plateforme<\/span><\/p>\n<p><span style=\"font-size: inherit;\">Sur cette page r\u00e9serv\u00e9e aux adh\u00e9rents de la plateforme e-training et aux membres de la&nbsp;<\/span><span style=\"font-size: inherit;\">Hycaris Training School, vous trouverez :&nbsp;<\/span><\/p>\n<\/div>\n<\/div>\n<\/div>\n<\/div>\n<\/div>\n<\/div>\n<\/div>\n<\/div>\n<\/section>\n<section class=\"elementor-section elementor-top-section elementor-element elementor-element-54b6c98 elementor-section-boxed elementor-section-height-default elementor-section-height-default\" data-id=\"54b6c98\" data-element_type=\"section\">\n<div class=\"elementor-container elementor-column-gap-default\">\n<div class=\"elementor-row\" style=\"width: 750px;\">\n<div class=\"elementor-column elementor-col-100 elementor-top-column elementor-element elementor-element-cea4538\" data-id=\"cea4538\" data-element_type=\"column\" style=\"width: 750px;\">\n<div class=\"elementor-column-wrap elementor-element-populated\" style=\"width: 750px;\">\n<div class=\"elementor-widget-wrap\" style=\"width: 730px;\">\n<div class=\"elementor-element elementor-element-ab48d66 elementor-widget elementor-widget-text-editor\" data-id=\"ab48d66\" data-element_type=\"widget\" data-widget_type=\"text-editor.default\" style=\"width: 730px;\">\n<div class=\"elementor-widget-container\">\n<div class=\"elementor-text-editor elementor-clearfix\">\n<ul>\n<li>des contenus exclusifs pour \u00eatre en \u00e9quilibre au travail et dans sa vie personnelle&nbsp;<\/li>\n<li>des outils d\u2019animation d\u2019\u00e9quipe pour encourager&nbsp;tous ses collaborateurs \u00e0 adopter les bons gestes et limiter les TMS et le mal de dos, pour se perfectionner en management, en communication positive et assertive, ou encore pour mieux g\u00e9rer son temps<\/li>\n<li>un programme de remise en forme sur 12 semaines : conseils alimentation, routines sportives en vid\u00e9o\u2026<\/li>\n<\/ul>\n<\/div>\n<\/div>\n<\/div>\n<\/div>\n<\/div>\n<\/div>\n<\/div>\n<\/div>\n<\/section>\n<section class=\"elementor-section elementor-top-section elementor-element elementor-element-0ca74b5 elementor-section-boxed elementor-section-height-default elementor-section-height-default\" data-id=\"0ca74b5\" data-element_type=\"section\">\n<div class=\"elementor-container elementor-column-gap-default\">\n<div class=\"elementor-row\" style=\"width: 750px;\">\n<div class=\"elementor-column elementor-col-100 elementor-top-column elementor-element elementor-element-aacaa29\" data-id=\"aacaa29\" data-element_type=\"column\" style=\"width: 750px;\">\n<div class=\"elementor-column-wrap elementor-element-populated\" style=\"width: 750px;\">\n<div class=\"elementor-widget-wrap\" style=\"width: 730px;\">\n<div class=\"elementor-element elementor-element-ed30c09 elementor-widget elementor-widget-text-editor\" data-id=\"ed30c09\" data-element_type=\"widget\" data-widget_type=\"text-editor.default\" style=\"width: 730px; font-size: 17px;\">\n<div class=\"elementor-widget-container\">\n<div class=\"elementor-text-editor elementor-clearfix\">\n<p>Vous souhaitez d\u00e9couvrir Hycaris Training School, prendre soin de vos \u00e9quipes et trouver&nbsp;<span style=\"font-size: inherit;\">l\u2019\u00e9quilibre au sein<\/span><span style=\"font-size: inherit;\">&nbsp;de votre entreprise, au service de son efficience ? <br><\/span><a href=\"https:\/\/hycaris.com\/index.php\/hycaris-training-school\/\" target=\"_blank\" rel=\"noopener\">Cliquez ici pour en savoir plus<\/a><span style=\"font-size: inherit;\"><br><\/span><\/p>\n<\/div>\n<\/div>\n<\/div>\n<\/div>\n<\/div>\n<\/div>\n<\/div>\n<\/div>\n<\/section>\t\t\t\t\t<\/div>\n\t\t\t\t\t\t<\/div>\n\t\t\t\t<\/div>\n\t\t\t\t\t\t<\/div>\n\t\t\t\t\t<\/div>\n\t\t<\/div>\n\t\t\t\t\t\t\t\t<\/div>\n\t\t\t\t\t<\/div>\n\t\t<\/section>\n\t\t\t\t<section class=\"elementor-section elementor-top-section elementor-element elementor-element-ba1f465 elementor-section-full_width elementor-section-stretched elementor-section-height-default elementor-section-height-default\" data-id=\"ba1f465\" data-element_type=\"section\" data-settings=\"{&quot;stretch_section&quot;:&quot;section-stretched&quot;}\">\n\t\t\t\t\t\t<div class=\"elementor-container elementor-column-gap-default\">\n\t\t\t\t\t\t\t<div class=\"elementor-row\">\n\t\t\t\t\t<div class=\"elementor-column elementor-col-50 elementor-top-column elementor-element elementor-element-2f66053\" data-id=\"2f66053\" data-element_type=\"column\">\n\t\t\t<div class=\"elementor-column-wrap elementor-element-populated\">\n\t\t\t\t\t\t\t<div class=\"elementor-widget-wrap\">\n\t\t\t\t\t\t<div class=\"elementor-element elementor-element-f273316 elementor-widget elementor-widget-image\" data-id=\"f273316\" data-element_type=\"widget\" data-widget_type=\"image.default\">\n\t\t\t\t<div class=\"elementor-widget-container\">\n\t\t\t\t\t\t\t\t<div class=\"elementor-image\">\n\t\t\t\t\t\t\t\t\t\t\t\t<img width=\"750\" height=\"283\" src=\"https:\/\/hycaris.com\/wp-content\/uploads\/2020\/11\/plateforme-1024x387.jpg\" class=\"attachment-large size-large\" alt=\"Plateforme e-training\" loading=\"lazy\" srcset=\"https:\/\/hycaris.com\/wp-content\/uploads\/2020\/11\/plateforme-1024x387.jpg 1024w, https:\/\/hycaris.com\/wp-content\/uploads\/2020\/11\/plateforme-300x113.jpg 300w, https:\/\/hycaris.com\/wp-content\/uploads\/2020\/11\/plateforme-768x290.jpg 768w, https:\/\/hycaris.com\/wp-content\/uploads\/2020\/11\/plateforme-1536x580.jpg 1536w, https:\/\/hycaris.com\/wp-content\/uploads\/2020\/11\/plateforme-600x227.jpg 600w, https:\/\/hycaris.com\/wp-content\/uploads\/2020\/11\/plateforme.jpg 1896w\" sizes=\"(max-width: 750px) 100vw, 750px\" \/>\t\t\t\t\t\t\t\t\t\t\t\t\t\t<\/div>\n\t\t\t\t\t\t<\/div>\n\t\t\t\t<\/div>\n\t\t\t\t\t\t<\/div>\n\t\t\t\t\t<\/div>\n\t\t<\/div>\n\t\t\t\t<div class=\"elementor-column elementor-col-50 elementor-top-column elementor-element elementor-element-6a5289f\" data-id=\"6a5289f\" data-element_type=\"column\">\n\t\t\t<div class=\"elementor-column-wrap elementor-element-populated\">\n\t\t\t\t\t\t\t<div class=\"elementor-widget-wrap\">\n\t\t\t\t\t\t<div class=\"elementor-element elementor-element-9d22ee6 elementor-widget elementor-widget-image\" data-id=\"9d22ee6\" data-element_type=\"widget\" data-widget_type=\"image.default\">\n\t\t\t\t<div class=\"elementor-widget-container\">\n\t\t\t\t\t\t\t\t<div class=\"elementor-image\">\n\t\t\t\t\t\t\t\t\t\t\t\t<img src=\"https:\/\/hycaris.com\/wp-content\/uploads\/elementor\/thumbs\/IMG_20201015_104840-2-scaled-pgfljutk0rs7kst4jw7xq5jsrenr5y266shvhqhlkw.jpg\" title=\"IMG_20201015_104840 (2)\" alt=\"IMG_20201015_104840 (2)\" \/>\t\t\t\t\t\t\t\t\t\t\t\t\t\t<\/div>\n\t\t\t\t\t\t<\/div>\n\t\t\t\t<\/div>\n\t\t\t\t\t\t<\/div>\n\t\t\t\t\t<\/div>\n\t\t<\/div>\n\t\t\t\t\t\t\t\t<\/div>\n\t\t\t\t\t<\/div>\n\t\t<\/section>\n\t\t\t\t\t\t<\/div>\n\t\t\t\t\t\t<\/div>\n\t\t\t\t\t<\/div>\n\t\t","protected":false},"excerpt":{"rendered":"<p>Plateforme e-training Vous avez souscrit \u00e0 l&rsquo;abonnement pour profiter de notre plateforme e-training ? Connectez-vous et accedez \u00e0 l&rsquo;ensemble des routines pour apprendre et progresser en 5 minutes par jour dans les domaines de : la pr\u00e9vention et la pr\u00e9paration physique au travail&nbsp; la communication positive&nbsp; le management&nbsp; l\u2019organisation Vous [&hellip;]<\/p>\n","protected":false},"author":3,"featured_media":1013,"parent":0,"menu_order":0,"comment_status":"closed","ping_status":"closed","template":"","meta":{"spay_email":""},"yoast_head":"<!-- This site is optimized with the Yoast SEO plugin v16.9 - https:\/\/yoast.com\/wordpress\/plugins\/seo\/ -->\n<title>Acc\u00e8s membre &bull; Hycaris<\/title>\n<meta name=\"robots\" content=\"index, follow, max-snippet:-1, max-image-preview:large, max-video-preview:-1\" \/>\n<link rel=\"canonical\" href=\"https:\/\/hycaris.com\/index.php\/elementor-2499\/\" \/>\n<meta property=\"og:locale\" content=\"fr_FR\" \/>\n<meta property=\"og:type\" content=\"article\" \/>\n<meta property=\"og:title\" content=\"Acc\u00e8s membre &bull; Hycaris\" \/>\n<meta property=\"og:description\" content=\"Plateforme e-training Vous avez souscrit \u00e0 l&rsquo;abonnement pour profiter de notre plateforme e-training ? Connectez-vous et accedez \u00e0 l&rsquo;ensemble des routines pour apprendre et progresser en 5 minutes par jour dans les domaines de : la pr\u00e9vention et la pr\u00e9paration physique au travail&nbsp; la communication positive&nbsp; le management&nbsp; l\u2019organisation Vous [&hellip;]\" \/>\n<meta property=\"og:url\" content=\"https:\/\/hycaris.com\/index.php\/elementor-2499\/\" \/>\n<meta property=\"og:site_name\" content=\"Hycaris\" \/>\n<meta property=\"article:publisher\" content=\"https:\/\/www.facebook.com\/Hycaris\/\" \/>\n<meta property=\"article:modified_time\" content=\"2023-09-14T08:16:00+00:00\" \/>\n<meta property=\"og:image\" content=\"https:\/\/hycaris.com\/wp-content\/uploads\/2020\/12\/IMG_20201014_184233-scaled.jpg\" \/>\n\t<meta property=\"og:image:width\" content=\"2560\" \/>\n\t<meta property=\"og:image:height\" content=\"1922\" \/>\n<meta name=\"twitter:card\" content=\"summary_large_image\" \/>\n<meta name=\"twitter:label1\" content=\"Dur\u00e9e de lecture est.\" \/>\n\t<meta name=\"twitter:data1\" content=\"2 minutes\" \/>\n<script type=\"application\/ld+json\" class=\"yoast-schema-graph\">{\"@context\":\"https:\/\/schema.org\",\"@graph\":[{\"@type\":\"Organization\",\"@id\":\"https:\/\/hycaris.com\/#organization\",\"name\":\"Hycaris\",\"url\":\"https:\/\/hycaris.com\/\",\"sameAs\":[\"https:\/\/www.facebook.com\/Hycaris\/\",\"https:\/\/www.linkedin.com\/company\/18849376\",\"https:\/\/www.youtube.com\/channel\/UCviY-iPvFi0JS5Z4UsTutlg\"],\"logo\":{\"@type\":\"ImageObject\",\"@id\":\"https:\/\/hycaris.com\/#logo\",\"inLanguage\":\"fr-FR\",\"url\":\"https:\/\/hycaris.com\/wp-content\/uploads\/2018\/06\/logo-Hycaris-4-couleur.png\",\"contentUrl\":\"https:\/\/hycaris.com\/wp-content\/uploads\/2018\/06\/logo-Hycaris-4-couleur.png\",\"width\":550,\"height\":350,\"caption\":\"Hycaris\"},\"image\":{\"@id\":\"https:\/\/hycaris.com\/#logo\"}},{\"@type\":\"WebSite\",\"@id\":\"https:\/\/hycaris.com\/#website\",\"url\":\"https:\/\/hycaris.com\/\",\"name\":\"Hycaris\",\"description\":\"L&#039;\\u00e9quilibre en entreprise\",\"publisher\":{\"@id\":\"https:\/\/hycaris.com\/#organization\"},\"potentialAction\":[{\"@type\":\"SearchAction\",\"target\":{\"@type\":\"EntryPoint\",\"urlTemplate\":\"https:\/\/hycaris.com\/?s={search_term_string}\"},\"query-input\":\"required name=search_term_string\"}],\"inLanguage\":\"fr-FR\"},{\"@type\":\"ImageObject\",\"@id\":\"https:\/\/hycaris.com\/index.php\/elementor-2499\/#primaryimage\",\"inLanguage\":\"fr-FR\",\"url\":\"https:\/\/hycaris.com\/wp-content\/uploads\/2020\/12\/IMG_20201014_184233-scaled.jpg\",\"contentUrl\":\"https:\/\/hycaris.com\/wp-content\/uploads\/2020\/12\/IMG_20201014_184233-scaled.jpg\",\"width\":2560,\"height\":1922},{\"@type\":\"WebPage\",\"@id\":\"https:\/\/hycaris.com\/index.php\/elementor-2499\/#webpage\",\"url\":\"https:\/\/hycaris.com\/index.php\/elementor-2499\/\",\"name\":\"Acc\\u00e8s membre &bull; Hycaris\",\"isPartOf\":{\"@id\":\"https:\/\/hycaris.com\/#website\"},\"primaryImageOfPage\":{\"@id\":\"https:\/\/hycaris.com\/index.php\/elementor-2499\/#primaryimage\"},\"datePublished\":\"2021-09-14T09:57:26+00:00\",\"dateModified\":\"2023-09-14T08:16:00+00:00\",\"breadcrumb\":{\"@id\":\"https:\/\/hycaris.com\/index.php\/elementor-2499\/#breadcrumb\"},\"inLanguage\":\"fr-FR\",\"potentialAction\":[{\"@type\":\"ReadAction\",\"target\":[\"https:\/\/hycaris.com\/index.php\/elementor-2499\/\"]}]},{\"@type\":\"BreadcrumbList\",\"@id\":\"https:\/\/hycaris.com\/index.php\/elementor-2499\/#breadcrumb\",\"itemListElement\":[{\"@type\":\"ListItem\",\"position\":1,\"name\":\"Accueil\",\"item\":\"https:\/\/hycaris.com\/\"},{\"@type\":\"ListItem\",\"position\":2,\"name\":\"Acc\\u00e8s membre\"}]}]}<\/script>\n<!-- \/ Yoast SEO plugin. -->","yoast_head_json":{"title":"Acc\u00e8s membre &bull; Hycaris","robots":{"index":"index","follow":"follow","max-snippet":"max-snippet:-1","max-image-preview":"max-image-preview:large","max-video-preview":"max-video-preview:-1"},"canonical":"https:\/\/hycaris.com\/index.php\/elementor-2499\/","og_locale":"fr_FR","og_type":"article","og_title":"Acc\u00e8s membre &bull; Hycaris","og_description":"Plateforme e-training Vous avez souscrit \u00e0 l&rsquo;abonnement pour profiter de notre plateforme e-training ? Connectez-vous et accedez \u00e0 l&rsquo;ensemble des routines pour apprendre et progresser en 5 minutes par jour dans les domaines de : la pr\u00e9vention et la pr\u00e9paration physique au travail&nbsp; la communication positive&nbsp; le management&nbsp; l\u2019organisation Vous [&hellip;]","og_url":"https:\/\/hycaris.com\/index.php\/elementor-2499\/","og_site_name":"Hycaris","article_publisher":"https:\/\/www.facebook.com\/Hycaris\/","article_modified_time":"2023-09-14T08:16:00+00:00","og_image":[{"width":2560,"height":1922,"url":"https:\/\/hycaris.com\/wp-content\/uploads\/2020\/12\/IMG_20201014_184233-scaled.jpg","path":"\/home\/hycariscpq\/www\/wp-content\/uploads\/2020\/12\/IMG_20201014_184233-scaled.jpg","size":"full","id":1013,"alt":"","pixels":4920320,"type":"image\/jpeg"}],"twitter_card":"summary_large_image","twitter_misc":{"Dur\u00e9e de lecture est.":"2 minutes"},"schema":{"@context":"https:\/\/schema.org","@graph":[{"@type":"Organization","@id":"https:\/\/hycaris.com\/#organization","name":"Hycaris","url":"https:\/\/hycaris.com\/","sameAs":["https:\/\/www.facebook.com\/Hycaris\/","https:\/\/www.linkedin.com\/company\/18849376","https:\/\/www.youtube.com\/channel\/UCviY-iPvFi0JS5Z4UsTutlg"],"logo":{"@type":"ImageObject","@id":"https:\/\/hycaris.com\/#logo","inLanguage":"fr-FR","url":"https:\/\/hycaris.com\/wp-content\/uploads\/2018\/06\/logo-Hycaris-4-couleur.png","contentUrl":"https:\/\/hycaris.com\/wp-content\/uploads\/2018\/06\/logo-Hycaris-4-couleur.png","width":550,"height":350,"caption":"Hycaris"},"image":{"@id":"https:\/\/hycaris.com\/#logo"}},{"@type":"WebSite","@id":"https:\/\/hycaris.com\/#website","url":"https:\/\/hycaris.com\/","name":"Hycaris","description":"L&#039;\u00e9quilibre en entreprise","publisher":{"@id":"https:\/\/hycaris.com\/#organization"},"potentialAction":[{"@type":"SearchAction","target":{"@type":"EntryPoint","urlTemplate":"https:\/\/hycaris.com\/?s={search_term_string}"},"query-input":"required name=search_term_string"}],"inLanguage":"fr-FR"},{"@type":"ImageObject","@id":"https:\/\/hycaris.com\/index.php\/elementor-2499\/#primaryimage","inLanguage":"fr-FR","url":"https:\/\/hycaris.com\/wp-content\/uploads\/2020\/12\/IMG_20201014_184233-scaled.jpg","contentUrl":"https:\/\/hycaris.com\/wp-content\/uploads\/2020\/12\/IMG_20201014_184233-scaled.jpg","width":2560,"height":1922},{"@type":"WebPage","@id":"https:\/\/hycaris.com\/index.php\/elementor-2499\/#webpage","url":"https:\/\/hycaris.com\/index.php\/elementor-2499\/","name":"Acc\u00e8s membre &bull; Hycaris","isPartOf":{"@id":"https:\/\/hycaris.com\/#website"},"primaryImageOfPage":{"@id":"https:\/\/hycaris.com\/index.php\/elementor-2499\/#primaryimage"},"datePublished":"2021-09-14T09:57:26+00:00","dateModified":"2023-09-14T08:16:00+00:00","breadcrumb":{"@id":"https:\/\/hycaris.com\/index.php\/elementor-2499\/#breadcrumb"},"inLanguage":"fr-FR","potentialAction":[{"@type":"ReadAction","target":["https:\/\/hycaris.com\/index.php\/elementor-2499\/"]}]},{"@type":"BreadcrumbList","@id":"https:\/\/hycaris.com\/index.php\/elementor-2499\/#breadcrumb","itemListElement":[{"@type":"ListItem","position":1,"name":"Accueil","item":"https:\/\/hycaris.com\/"},{"@type":"ListItem","position":2,"name":"Acc\u00e8s membre"}]}]}},"_links":{"self":[{"href":"https:\/\/hycaris.com\/index.php\/wp-json\/wp\/v2\/pages\/2499"}],"collection":[{"href":"https:\/\/hycaris.com\/index.php\/wp-json\/wp\/v2\/pages"}],"about":[{"href":"https:\/\/hycaris.com\/index.php\/wp-json\/wp\/v2\/types\/page"}],"author":[{"embeddable":true,"href":"https:\/\/hycaris.com\/index.php\/wp-json\/wp\/v2\/users\/3"}],"replies":[{"embeddable":true,"href":"https:\/\/hycaris.com\/index.php\/wp-json\/wp\/v2\/comments?post=2499"}],"version-history":[{"count":18,"href":"https:\/\/hycaris.com\/index.php\/wp-json\/wp\/v2\/pages\/2499\/revisions"}],"predecessor-version":[{"id":3179,"href":"https:\/\/hycaris.com\/index.php\/wp-json\/wp\/v2\/pages\/2499\/revisions\/3179"}],"wp:featuredmedia":[{"embeddable":true,"href":"https:\/\/hycaris.com\/index.php\/wp-json\/wp\/v2\/media\/1013"}],"wp:attachment":[{"href":"https:\/\/hycaris.com\/index.php\/wp-json\/wp\/v2\/media?parent=2499"}],"curies":[{"name":"wp","href":"https:\/\/api.w.org\/{rel}","templated":true}]}}