{"id":2643,"date":"2022-01-11T07:39:49","date_gmt":"2022-01-11T06:39:49","guid":{"rendered":"https:\/\/hycaris.com\/?page_id=2643"},"modified":"2022-06-16T09:08:58","modified_gmt":"2022-06-16T07:08:58","slug":"planning-formation-a-venir","status":"publish","type":"page","link":"https:\/\/hycaris.com\/index.php\/formation\/planning-formation-a-venir\/","title":{"rendered":"Planning formations \u00e0 venir"},"content":{"rendered":"\t\t<div data-elementor-type=\"wp-page\" data-elementor-id=\"2643\" class=\"elementor elementor-2643\" data-elementor-settings=\"[]\">\n\t\t\t\t\t\t<div class=\"elementor-inner\">\n\t\t\t\t\t\t\t<div class=\"elementor-section-wrap\">\n\t\t\t\t\t\t\t<section class=\"elementor-section elementor-top-section elementor-element elementor-element-584983f elementor-section-boxed elementor-section-height-default elementor-section-height-default\" data-id=\"584983f\" data-element_type=\"section\">\n\t\t\t\t\t\t<div class=\"elementor-container elementor-column-gap-default\">\n\t\t\t\t\t\t\t<div class=\"elementor-row\">\n\t\t\t\t\t<div class=\"elementor-column elementor-col-100 elementor-top-column elementor-element elementor-element-8e8da05\" data-id=\"8e8da05\" data-element_type=\"column\">\n\t\t\t<div class=\"elementor-column-wrap elementor-element-populated\">\n\t\t\t\t\t\t\t<div class=\"elementor-widget-wrap\">\n\t\t\t\t\t\t<div class=\"elementor-element elementor-element-2e4a14b elementor-widget elementor-widget-text-editor\" data-id=\"2e4a14b\" data-element_type=\"widget\" data-widget_type=\"text-editor.default\">\n\t\t\t\t<div class=\"elementor-widget-container\">\n\t\t\t\t\t\t\t\t<div class=\"elementor-text-editor elementor-clearfix\">\n\t\t\t\t<p data-pm-slice=\"1 1 []\" style=\"text-align: center;\"><span style=\"font-family: helvetica, arial, sans-serif; font-size: 24pt;\">Le programme de nos formations Hycaris en inter-entreprise \u00e0 venir<\/span><\/p>\t\t\t\t\t<\/div>\n\t\t\t\t\t\t<\/div>\n\t\t\t\t<\/div>\n\t\t\t\t<div class=\"elementor-element elementor-element-1ec528d elementor-widget elementor-widget-text-editor\" data-id=\"1ec528d\" data-element_type=\"widget\" data-widget_type=\"text-editor.default\">\n\t\t\t\t<div class=\"elementor-widget-container\">\n\t\t\t\t\t\t\t\t<div class=\"elementor-text-editor elementor-clearfix\">\n\t\t\t\t<p><span style=\"font-family: helvetica, arial, sans-serif;\"><strong style=\"color: #296985; font-size: 18pt;\">Mardi<\/strong><strong style=\"color: #296985; font-size: 18pt;\"> 21 juin 2022<\/strong><em style=\"color: #296985; font-size: 18pt;\"><strong> :<\/strong><\/em><\/span><\/p>\n<p><span style=\"color: #296985; font-family: helvetica, arial, sans-serif; font-size: x-large;\">Formation sur le neuro management, ou&nbsp;<span style=\"caret-color: #296985;\">comment<\/span>&nbsp;mettre les neurosciences au service de votre management ?<\/span><\/p>\n<p><span style=\"font-family: helvetica, arial, sans-serif; color: #333333; font-size: 12pt;\"><span id=\"p83\" style=\"caret-color: #64676e;\">Formateur :<\/span><span id=\"p84\" style=\"caret-color: #64676e;\">&nbsp;Ludovic St\u00e9phan&nbsp;<span id=\"p82\">(<span id=\"88\" class=\"s-rg-t\">Master<\/span>&nbsp;coach, certifi\u00e9 Institut des neurosciences appliqu\u00e9es)<\/span><\/span><\/span><br style=\"caret-color: #64676e; color: #64676e; font-family: Segoe-UI; font-size: 17px;\"><span style=\"font-family: helvetica, arial, sans-serif; color: #333333; font-size: 12pt;\"><span id=\"p86\" style=\"caret-color: #64676e;\">Dur\u00e9e :<\/span><span id=\"p87\" style=\"caret-color: #64676e;\">&nbsp;<span id=\"89\">7h<\/span>&nbsp;<span id=\"p85\">(1 journ\u00e9e)<\/span><\/span><\/span><\/p>\n<p style=\"margin-bottom: 0px; font-size: 11px; line-height: normal; font-stretch: normal; font-family: 'Helvetica Neue'; color: #000000;\"><span style=\"font-size: 10pt; color: #808080; font-family: helvetica, arial, sans-serif;\">Comment les neurosciences permettent d\u2019am\u00e9liorer son management ? Outils et techniques pour permettre \u00e0 votre cerveau de devenir un allier puissant. Outils et techniques valid\u00e9s par les neurosciences au service des managers.<\/span><\/p>\n<p style=\"margin-bottom: 0px; font-size: 11px; line-height: normal; font-stretch: normal; font-family: 'Helvetica Neue'; color: #000000;\"><span style=\"font-size: 10pt; color: #808080; font-family: helvetica, arial, sans-serif;\">&nbsp;<\/span><\/p>\n<p style=\"margin-bottom: 0px; font-stretch: normal; font-size: 11px; line-height: normal; font-family: &quot;Helvetica Neue&quot;; color: rgb(0, 0, 0);\"><span style=\"font-family: helvetica, arial, sans-serif; font-size: 10pt; color: rgb(128, 128, 128);\">Tarif : 350 \u20ac*&nbsp;<\/span><span style=\"font-family: helvetica, arial, sans-serif; font-size: 10pt;\"><span style=\"letter-spacing: var( --e-global-typography-54df51d-letter-spacing ); caret-color: rgb(100, 103, 110); color: rgb(100, 103, 110);\">\/ s<\/span><\/span><span style=\"letter-spacing: var( --e-global-typography-54df51d-letter-spacing ); font-family: helvetica, arial, sans-serif; caret-color: rgb(100, 103, 110); color: rgb(100, 103, 110); font-size: 13.333333015441895px;\">tagiaire<\/span><\/p><p style=\"margin-bottom: 0px; font-stretch: normal; font-size: 11px; line-height: normal; font-family: &quot;Helvetica Neue&quot;; color: rgb(0, 0, 0);\"><span style=\"font-size: 10pt; font-family: helvetica, arial, sans-serif;\"><span style=\"caret-color: rgb(100, 103, 110); color: rgb(100, 103, 110);\">* &#8211;<\/span><span style=\"caret-color: rgb(100, 103, 110); color: rgb(100, 103, 110);\">&nbsp;20%&nbsp;pour les&nbsp;membres&nbsp;d&rsquo;Hycaris Training School&nbsp;<\/span><\/span><\/p>\t\t\t\t\t<\/div>\n\t\t\t\t\t\t<\/div>\n\t\t\t\t<\/div>\n\t\t\t\t<div class=\"elementor-element elementor-element-dc91b44 elementor-align-center elementor-widget elementor-widget-button\" data-id=\"dc91b44\" data-element_type=\"widget\" data-widget_type=\"button.default\">\n\t\t\t\t<div class=\"elementor-widget-container\">\n\t\t\t\t\t<div class=\"elementor-button-wrapper\">\n\t\t\t<a href=\"https:\/\/my.weezevent.com\/programme-de-formation\" class=\"elementor-button-link elementor-button elementor-size-sm\" role=\"button\">\n\t\t\t\t\t\t<span class=\"elementor-button-content-wrapper\">\n\t\t\t\t\t\t<span class=\"elementor-button-text\">Comment les neurosciences permettent d'am\u00e9liorer son management ? <\/span>\n\t\t<\/span>\n\t\t\t\t\t<\/a>\n\t\t<\/div>\n\t\t\t\t<\/div>\n\t\t\t\t<\/div>\n\t\t\t\t<div class=\"elementor-element elementor-element-78d0308 elementor-widget elementor-widget-spacer\" data-id=\"78d0308\" data-element_type=\"widget\" data-widget_type=\"spacer.default\">\n\t\t\t\t<div class=\"elementor-widget-container\">\n\t\t\t\t\t<div class=\"elementor-spacer\">\n\t\t\t<div class=\"elementor-spacer-inner\"><\/div>\n\t\t<\/div>\n\t\t\t\t<\/div>\n\t\t\t\t<\/div>\n\t\t\t\t<div class=\"elementor-element elementor-element-071bd77 elementor-widget-divider--view-line elementor-widget elementor-widget-divider\" data-id=\"071bd77\" data-element_type=\"widget\" data-widget_type=\"divider.default\">\n\t\t\t\t<div class=\"elementor-widget-container\">\n\t\t\t\t\t<div class=\"elementor-divider\">\n\t\t\t<span class=\"elementor-divider-separator\">\n\t\t\t\t\t\t<\/span>\n\t\t<\/div>\n\t\t\t\t<\/div>\n\t\t\t\t<\/div>\n\t\t\t\t<div class=\"elementor-element elementor-element-4375f64 elementor-widget elementor-widget-text-editor\" data-id=\"4375f64\" data-element_type=\"widget\" data-widget_type=\"text-editor.default\">\n\t\t\t\t<div class=\"elementor-widget-container\">\n\t\t\t\t\t\t\t\t<div class=\"elementor-text-editor elementor-clearfix\">\n\t\t\t\t<p style=\"margin-bottom: 0px; font-size: 18px; line-height: normal; caret-color: #0d6672; color: #0d6672; font-family: Roboto, sans-serif; font-stretch: normal;\"><span style=\"color: #296985; font-family: helvetica, arial, sans-serif; font-size: 18pt;\"><strong>\u00c0 programmer<span style=\"font-style: italic;\">&nbsp;<\/span>:<\/strong><\/span><\/p>\n<p style=\"margin-bottom: 0px; font-size: 18px; line-height: normal; caret-color: #0d6672; color: #0d6672; font-family: Roboto, sans-serif; font-stretch: normal;\"><span style=\"color: #296985; font-family: helvetica, arial, sans-serif; font-size: x-large;\"><span style=\"caret-color: #296985;\">&nbsp;<\/span><\/span><\/p>\n<p style=\"margin-bottom: 0px; font-size: 18px; line-height: normal; caret-color: #0d6672; color: #0d6672; font-family: Roboto, sans-serif; font-stretch: normal;\"><span style=\"color: #296985; font-family: helvetica, arial, sans-serif; font-size: x-large;\"><span style=\"caret-color: #296985;\">Comment g\u00e9rer son stress en situation de management gr\u00e2ce aux neurosciences ?<\/span><\/span><\/p>\n<p style=\"margin-bottom: 0px; font-size: 11px; line-height: normal; font-stretch: normal; font-family: 'Helvetica Neue'; color: #000000;\"><span style=\"font-size: 12pt; font-family: helvetica, arial, sans-serif;\">&nbsp;<\/span><\/p>\n<p style=\"margin-bottom: 0px; font-size: 18px; line-height: normal; caret-color: #0d6672; color: #0d6672; font-family: Roboto, sans-serif; font-stretch: normal;\"><span style=\"font-family: helvetica, arial, sans-serif;\"><span style=\"color: #000000; font-size: 12pt;\">Formateur :&nbsp;<\/span><span style=\"color: #000000; font-size: medium;\"><span style=\"caret-color: #000000;\">Ludovic St\u00e9phan (Master coach, certifi\u00e9 \u00e0 l&rsquo;Institut des neurosciences appliqu\u00e9es)<\/span><\/span><\/span><\/p>\n<p style=\"font-size: 18px; caret-color: #0d6672; color: #0d6672; font-family: Roboto, sans-serif;\"><span style=\"font-family: helvetica, arial, sans-serif; font-size: 12pt; color: #333333; letter-spacing: var( --e-global-typography-54df51d-letter-spacing );\">Dur\u00e9e : 7h (1 journ\u00e9e)<\/span><\/p>\n<p style=\"margin-bottom: 0px; font-size: 11px; line-height: normal; font-stretch: normal; font-family: 'Helvetica Neue'; color: #000000;\"><span style=\"font-size: 10pt; font-family: helvetica, arial, sans-serif;\"><span style=\"letter-spacing: var( --e-global-typography-54df51d-letter-spacing ); caret-color: #64676e; color: #64676e;\">Comprendre le ph\u00e9nom\u00e8ne de stress, notamment en situation de management.<\/span><span style=\"letter-spacing: var( --e-global-typography-54df51d-letter-spacing ); caret-color: #64676e; color: #64676e;\">&nbsp;Qu\u2019est-ce&nbsp;qu\u2019une peur, une croyance limitante, comment la transformer en croyance ressource au service de votre management&nbsp;?<\/span><span style=\"letter-spacing: var( --e-global-typography-54df51d-letter-spacing ); caret-color: #64676e; color: #64676e;\">&nbsp;<\/span><\/span><\/p>\n<p style=\"margin-bottom: 0px; font-size: 11px; line-height: normal; font-stretch: normal; font-family: 'Helvetica Neue'; color: #000000;\"><span style=\"font-size: 10pt; font-family: helvetica, arial, sans-serif;\"><span style=\"letter-spacing: var( --e-global-typography-54df51d-letter-spacing ); caret-color: #64676e; color: #64676e;\">Comment mettre en place la pr\u00e9vention du stress en situation de management&nbsp;(techniques et outils) ?<\/span><span style=\"letter-spacing: var( --e-global-typography-54df51d-letter-spacing ); caret-color: #64676e; color: #64676e;\">&nbsp;<\/span><\/span><\/p>\n<p style=\"margin-bottom: 0px; font-size: 11px; line-height: normal; font-stretch: normal; font-family: 'Helvetica Neue'; color: #000000;\"><span style=\"font-size: 10pt; font-family: helvetica, arial, sans-serif;\"><span style=\"letter-spacing: var( --e-global-typography-54df51d-letter-spacing ); caret-color: #64676e; color: #64676e;\">Initiation \u00e0 L\u2019EFT pour g\u00e9rer les situations de stress en entreprise.<\/span><\/span><\/p>\n<p style=\"margin-bottom: 0px; font-size: 11px; line-height: normal; font-stretch: normal; font-family: 'Helvetica Neue'; color: #000000;\"><span style=\"font-size: 10pt; font-family: helvetica, arial, sans-serif;\"><span style=\"letter-spacing: var( --e-global-typography-54df51d-letter-spacing ); caret-color: #64676e; color: #64676e;\">&nbsp;<\/span><\/span><\/p>\n<p style=\"margin-bottom: 0px; font-size: 11px; line-height: normal; font-stretch: normal; font-family: 'Helvetica Neue'; color: #000000;\"><span style=\"font-family: helvetica, arial, sans-serif; font-size: 10pt; color: #808080;\">Tarif : 350 \u20ac*&nbsp;<\/span><span style=\"font-family: helvetica, arial, sans-serif; font-size: 10pt;\"><span style=\"letter-spacing: var( --e-global-typography-54df51d-letter-spacing ); caret-color: #64676e; color: #64676e;\">\/ s<\/span><\/span><span style=\"letter-spacing: var( --e-global-typography-54df51d-letter-spacing ); font-family: helvetica, arial, sans-serif; caret-color: #64676e; color: #64676e; font-size: 13.333333015441895px;\">tagiaire<\/span><\/p>\n<p style=\"margin-bottom: 0px; font-size: 11px; line-height: normal; font-stretch: normal; font-family: 'Helvetica Neue'; color: #000000;\"><span style=\"font-size: 10pt; font-family: helvetica, arial, sans-serif;\"><span style=\"caret-color: #64676e; color: #64676e;\">* &#8211;<\/span><span style=\"caret-color: #64676e; color: #64676e;\">&nbsp;20%&nbsp;pour les&nbsp;membres&nbsp;d&rsquo;Hycaris Training School&nbsp;<\/span><\/span><\/p>\t\t\t\t\t<\/div>\n\t\t\t\t\t\t<\/div>\n\t\t\t\t<\/div>\n\t\t\t\t<div class=\"elementor-element elementor-element-eb9a3e9 elementor-widget elementor-widget-image\" data-id=\"eb9a3e9\" data-element_type=\"widget\" data-widget_type=\"image.default\">\n\t\t\t\t<div class=\"elementor-widget-container\">\n\t\t\t\t\t\t\t\t<div class=\"elementor-image\">\n\t\t\t\t\t\t\t\t\t\t\t\t<img width=\"150\" height=\"150\" src=\"https:\/\/hycaris.com\/wp-content\/uploads\/2022\/01\/IMG_9205-150x150.jpeg\" class=\"attachment-thumbnail size-thumbnail\" alt=\"\" loading=\"lazy\" \/>\t\t\t\t\t\t\t\t\t\t\t\t\t\t<\/div>\n\t\t\t\t\t\t<\/div>\n\t\t\t\t<\/div>\n\t\t\t\t\t\t<\/div>\n\t\t\t\t\t<\/div>\n\t\t<\/div>\n\t\t\t\t\t\t\t\t<\/div>\n\t\t\t\t\t<\/div>\n\t\t<\/section>\n\t\t\t\t\t\t<\/div>\n\t\t\t\t\t\t<\/div>\n\t\t\t\t\t<\/div>\n\t\t","protected":false},"excerpt":{"rendered":"<p>Le programme de nos formations Hycaris en inter-entreprise \u00e0 venir Mardi 21 juin 2022 : Formation sur le neuro management, ou&nbsp;comment&nbsp;mettre les neurosciences au service de votre management ? Formateur :&nbsp;Ludovic St\u00e9phan&nbsp;(Master&nbsp;coach, certifi\u00e9 Institut des neurosciences appliqu\u00e9es)Dur\u00e9e :&nbsp;7h&nbsp;(1 journ\u00e9e) Comment les neurosciences permettent d\u2019am\u00e9liorer son management ? Outils et techniques [&hellip;]<\/p>\n","protected":false},"author":4,"featured_media":2662,"parent":968,"menu_order":2,"comment_status":"closed","ping_status":"closed","template":"","meta":{"spay_email":""},"yoast_head":"<!-- This site is optimized with the Yoast SEO plugin v16.9 - https:\/\/yoast.com\/wordpress\/plugins\/seo\/ -->\n<title>Planning formations \u00e0 venir &bull; Hycaris<\/title>\n<meta name=\"robots\" content=\"index, follow, max-snippet:-1, max-image-preview:large, max-video-preview:-1\" \/>\n<link rel=\"canonical\" href=\"https:\/\/hycaris.com\/index.php\/formation\/planning-formation-a-venir\/\" \/>\n<meta property=\"og:locale\" content=\"fr_FR\" \/>\n<meta property=\"og:type\" content=\"article\" \/>\n<meta property=\"og:title\" content=\"Planning formations \u00e0 venir &bull; Hycaris\" \/>\n<meta property=\"og:description\" content=\"Le programme de nos formations Hycaris en inter-entreprise \u00e0 venir Mardi 21 juin 2022 : Formation sur le neuro management, ou&nbsp;comment&nbsp;mettre les neurosciences au service de votre management ? Formateur :&nbsp;Ludovic St\u00e9phan&nbsp;(Master&nbsp;coach, certifi\u00e9 Institut des neurosciences appliqu\u00e9es)Dur\u00e9e :&nbsp;7h&nbsp;(1 journ\u00e9e) Comment les neurosciences permettent d\u2019am\u00e9liorer son management ? Outils et techniques [&hellip;]\" \/>\n<meta property=\"og:url\" content=\"https:\/\/hycaris.com\/index.php\/formation\/planning-formation-a-venir\/\" \/>\n<meta property=\"og:site_name\" content=\"Hycaris\" \/>\n<meta property=\"article:publisher\" content=\"https:\/\/www.facebook.com\/Hycaris\/\" \/>\n<meta property=\"article:modified_time\" content=\"2022-06-16T07:08:58+00:00\" \/>\n<meta property=\"og:image\" content=\"https:\/\/hycaris.com\/wp-content\/uploads\/2022\/01\/IMG_2137-scaled.jpg\" \/>\n\t<meta property=\"og:image:width\" content=\"2560\" \/>\n\t<meta property=\"og:image:height\" content=\"1920\" \/>\n<meta name=\"twitter:card\" content=\"summary_large_image\" \/>\n<meta name=\"twitter:label1\" content=\"Dur\u00e9e de lecture est.\" \/>\n\t<meta name=\"twitter:data1\" content=\"2 minutes\" \/>\n<script type=\"application\/ld+json\" class=\"yoast-schema-graph\">{\"@context\":\"https:\/\/schema.org\",\"@graph\":[{\"@type\":\"Organization\",\"@id\":\"https:\/\/hycaris.com\/#organization\",\"name\":\"Hycaris\",\"url\":\"https:\/\/hycaris.com\/\",\"sameAs\":[\"https:\/\/www.facebook.com\/Hycaris\/\",\"https:\/\/www.linkedin.com\/company\/18849376\",\"https:\/\/www.youtube.com\/channel\/UCviY-iPvFi0JS5Z4UsTutlg\"],\"logo\":{\"@type\":\"ImageObject\",\"@id\":\"https:\/\/hycaris.com\/#logo\",\"inLanguage\":\"fr-FR\",\"url\":\"https:\/\/hycaris.com\/wp-content\/uploads\/2018\/06\/logo-Hycaris-4-couleur.png\",\"contentUrl\":\"https:\/\/hycaris.com\/wp-content\/uploads\/2018\/06\/logo-Hycaris-4-couleur.png\",\"width\":550,\"height\":350,\"caption\":\"Hycaris\"},\"image\":{\"@id\":\"https:\/\/hycaris.com\/#logo\"}},{\"@type\":\"WebSite\",\"@id\":\"https:\/\/hycaris.com\/#website\",\"url\":\"https:\/\/hycaris.com\/\",\"name\":\"Hycaris\",\"description\":\"L&#039;\\u00e9quilibre en entreprise\",\"publisher\":{\"@id\":\"https:\/\/hycaris.com\/#organization\"},\"potentialAction\":[{\"@type\":\"SearchAction\",\"target\":{\"@type\":\"EntryPoint\",\"urlTemplate\":\"https:\/\/hycaris.com\/?s={search_term_string}\"},\"query-input\":\"required name=search_term_string\"}],\"inLanguage\":\"fr-FR\"},{\"@type\":\"ImageObject\",\"@id\":\"https:\/\/hycaris.com\/index.php\/formation\/planning-formation-a-venir\/#primaryimage\",\"inLanguage\":\"fr-FR\",\"url\":\"https:\/\/hycaris.com\/wp-content\/uploads\/2022\/01\/IMG_2137-scaled.jpg\",\"contentUrl\":\"https:\/\/hycaris.com\/wp-content\/uploads\/2022\/01\/IMG_2137-scaled.jpg\",\"width\":2560,\"height\":1920},{\"@type\":\"WebPage\",\"@id\":\"https:\/\/hycaris.com\/index.php\/formation\/planning-formation-a-venir\/#webpage\",\"url\":\"https:\/\/hycaris.com\/index.php\/formation\/planning-formation-a-venir\/\",\"name\":\"Planning formations \\u00e0 venir &bull; Hycaris\",\"isPartOf\":{\"@id\":\"https:\/\/hycaris.com\/#website\"},\"primaryImageOfPage\":{\"@id\":\"https:\/\/hycaris.com\/index.php\/formation\/planning-formation-a-venir\/#primaryimage\"},\"datePublished\":\"2022-01-11T06:39:49+00:00\",\"dateModified\":\"2022-06-16T07:08:58+00:00\",\"breadcrumb\":{\"@id\":\"https:\/\/hycaris.com\/index.php\/formation\/planning-formation-a-venir\/#breadcrumb\"},\"inLanguage\":\"fr-FR\",\"potentialAction\":[{\"@type\":\"ReadAction\",\"target\":[\"https:\/\/hycaris.com\/index.php\/formation\/planning-formation-a-venir\/\"]}]},{\"@type\":\"BreadcrumbList\",\"@id\":\"https:\/\/hycaris.com\/index.php\/formation\/planning-formation-a-venir\/#breadcrumb\",\"itemListElement\":[{\"@type\":\"ListItem\",\"position\":1,\"name\":\"Accueil\",\"item\":\"https:\/\/hycaris.com\/\"},{\"@type\":\"ListItem\",\"position\":2,\"name\":\"Formation\",\"item\":\"https:\/\/hycaris.com\/index.php\/formation\/\"},{\"@type\":\"ListItem\",\"position\":3,\"name\":\"Planning formations \\u00e0 venir\"}]}]}<\/script>\n<!-- \/ Yoast SEO plugin. -->","yoast_head_json":{"title":"Planning formations \u00e0 venir &bull; Hycaris","robots":{"index":"index","follow":"follow","max-snippet":"max-snippet:-1","max-image-preview":"max-image-preview:large","max-video-preview":"max-video-preview:-1"},"canonical":"https:\/\/hycaris.com\/index.php\/formation\/planning-formation-a-venir\/","og_locale":"fr_FR","og_type":"article","og_title":"Planning formations \u00e0 venir &bull; Hycaris","og_description":"Le programme de nos formations Hycaris en inter-entreprise \u00e0 venir Mardi 21 juin 2022 : Formation sur le neuro management, ou&nbsp;comment&nbsp;mettre les neurosciences au service de votre management ? Formateur :&nbsp;Ludovic St\u00e9phan&nbsp;(Master&nbsp;coach, certifi\u00e9 Institut des neurosciences appliqu\u00e9es)Dur\u00e9e :&nbsp;7h&nbsp;(1 journ\u00e9e) Comment les neurosciences permettent d\u2019am\u00e9liorer son management ? Outils et techniques [&hellip;]","og_url":"https:\/\/hycaris.com\/index.php\/formation\/planning-formation-a-venir\/","og_site_name":"Hycaris","article_publisher":"https:\/\/www.facebook.com\/Hycaris\/","article_modified_time":"2022-06-16T07:08:58+00:00","og_image":[{"width":2560,"height":1920,"url":"https:\/\/hycaris.com\/wp-content\/uploads\/2022\/01\/IMG_2137-scaled.jpg","path":"\/home\/hycariscpq\/www\/wp-content\/uploads\/2022\/01\/IMG_2137-scaled.jpg","size":"full","id":2662,"alt":"","pixels":4915200,"type":"image\/jpeg"}],"twitter_card":"summary_large_image","twitter_misc":{"Dur\u00e9e de lecture est.":"2 minutes"},"schema":{"@context":"https:\/\/schema.org","@graph":[{"@type":"Organization","@id":"https:\/\/hycaris.com\/#organization","name":"Hycaris","url":"https:\/\/hycaris.com\/","sameAs":["https:\/\/www.facebook.com\/Hycaris\/","https:\/\/www.linkedin.com\/company\/18849376","https:\/\/www.youtube.com\/channel\/UCviY-iPvFi0JS5Z4UsTutlg"],"logo":{"@type":"ImageObject","@id":"https:\/\/hycaris.com\/#logo","inLanguage":"fr-FR","url":"https:\/\/hycaris.com\/wp-content\/uploads\/2018\/06\/logo-Hycaris-4-couleur.png","contentUrl":"https:\/\/hycaris.com\/wp-content\/uploads\/2018\/06\/logo-Hycaris-4-couleur.png","width":550,"height":350,"caption":"Hycaris"},"image":{"@id":"https:\/\/hycaris.com\/#logo"}},{"@type":"WebSite","@id":"https:\/\/hycaris.com\/#website","url":"https:\/\/hycaris.com\/","name":"Hycaris","description":"L&#039;\u00e9quilibre en entreprise","publisher":{"@id":"https:\/\/hycaris.com\/#organization"},"potentialAction":[{"@type":"SearchAction","target":{"@type":"EntryPoint","urlTemplate":"https:\/\/hycaris.com\/?s={search_term_string}"},"query-input":"required name=search_term_string"}],"inLanguage":"fr-FR"},{"@type":"ImageObject","@id":"https:\/\/hycaris.com\/index.php\/formation\/planning-formation-a-venir\/#primaryimage","inLanguage":"fr-FR","url":"https:\/\/hycaris.com\/wp-content\/uploads\/2022\/01\/IMG_2137-scaled.jpg","contentUrl":"https:\/\/hycaris.com\/wp-content\/uploads\/2022\/01\/IMG_2137-scaled.jpg","width":2560,"height":1920},{"@type":"WebPage","@id":"https:\/\/hycaris.com\/index.php\/formation\/planning-formation-a-venir\/#webpage","url":"https:\/\/hycaris.com\/index.php\/formation\/planning-formation-a-venir\/","name":"Planning formations \u00e0 venir &bull; Hycaris","isPartOf":{"@id":"https:\/\/hycaris.com\/#website"},"primaryImageOfPage":{"@id":"https:\/\/hycaris.com\/index.php\/formation\/planning-formation-a-venir\/#primaryimage"},"datePublished":"2022-01-11T06:39:49+00:00","dateModified":"2022-06-16T07:08:58+00:00","breadcrumb":{"@id":"https:\/\/hycaris.com\/index.php\/formation\/planning-formation-a-venir\/#breadcrumb"},"inLanguage":"fr-FR","potentialAction":[{"@type":"ReadAction","target":["https:\/\/hycaris.com\/index.php\/formation\/planning-formation-a-venir\/"]}]},{"@type":"BreadcrumbList","@id":"https:\/\/hycaris.com\/index.php\/formation\/planning-formation-a-venir\/#breadcrumb","itemListElement":[{"@type":"ListItem","position":1,"name":"Accueil","item":"https:\/\/hycaris.com\/"},{"@type":"ListItem","position":2,"name":"Formation","item":"https:\/\/hycaris.com\/index.php\/formation\/"},{"@type":"ListItem","position":3,"name":"Planning formations \u00e0 venir"}]}]}},"_links":{"self":[{"href":"https:\/\/hycaris.com\/index.php\/wp-json\/wp\/v2\/pages\/2643"}],"collection":[{"href":"https:\/\/hycaris.com\/index.php\/wp-json\/wp\/v2\/pages"}],"about":[{"href":"https:\/\/hycaris.com\/index.php\/wp-json\/wp\/v2\/types\/page"}],"author":[{"embeddable":true,"href":"https:\/\/hycaris.com\/index.php\/wp-json\/wp\/v2\/users\/4"}],"replies":[{"embeddable":true,"href":"https:\/\/hycaris.com\/index.php\/wp-json\/wp\/v2\/comments?post=2643"}],"version-history":[{"count":112,"href":"https:\/\/hycaris.com\/index.php\/wp-json\/wp\/v2\/pages\/2643\/revisions"}],"predecessor-version":[{"id":2986,"href":"https:\/\/hycaris.com\/index.php\/wp-json\/wp\/v2\/pages\/2643\/revisions\/2986"}],"up":[{"embeddable":true,"href":"https:\/\/hycaris.com\/index.php\/wp-json\/wp\/v2\/pages\/968"}],"wp:featuredmedia":[{"embeddable":true,"href":"https:\/\/hycaris.com\/index.php\/wp-json\/wp\/v2\/media\/2662"}],"wp:attachment":[{"href":"https:\/\/hycaris.com\/index.php\/wp-json\/wp\/v2\/media?parent=2643"}],"curies":[{"name":"wp","href":"https:\/\/api.w.org\/{rel}","templated":true}]}}