{"id":9,"date":"2018-06-07T12:00:12","date_gmt":"2018-06-07T10:00:12","guid":{"rendered":"http:\/\/hycaris.com\/?page_id=9"},"modified":"2021-07-08T15:56:59","modified_gmt":"2021-07-08T13:56:59","slug":"contact","status":"publish","type":"page","link":"https:\/\/hycaris.com\/index.php\/contact\/","title":{"rendered":"Contact"},"content":{"rendered":"\t\t<div data-elementor-type=\"wp-page\" data-elementor-id=\"9\" class=\"elementor elementor-9\" data-elementor-settings=\"[]\">\n\t\t\t\t\t\t<div class=\"elementor-inner\">\n\t\t\t\t\t\t\t<div class=\"elementor-section-wrap\">\n\t\t\t\t\t\t\t<section class=\"elementor-section elementor-top-section elementor-element elementor-element-19e6608 elementor-section-boxed elementor-section-height-default elementor-section-height-default\" data-id=\"19e6608\" data-element_type=\"section\">\n\t\t\t\t\t\t<div class=\"elementor-container elementor-column-gap-default\">\n\t\t\t\t\t\t\t<div class=\"elementor-row\">\n\t\t\t\t\t<div class=\"elementor-column elementor-col-100 elementor-top-column elementor-element elementor-element-96683dd\" data-id=\"96683dd\" data-element_type=\"column\">\n\t\t\t<div class=\"elementor-column-wrap elementor-element-populated\">\n\t\t\t\t\t\t\t<div class=\"elementor-widget-wrap\">\n\t\t\t\t\t\t<div class=\"elementor-element elementor-element-680affc elementor-widget elementor-widget-heading\" data-id=\"680affc\" data-element_type=\"widget\" data-widget_type=\"heading.default\">\n\t\t\t\t<div class=\"elementor-widget-container\">\n\t\t\t<h2 class=\"elementor-heading-title elementor-size-default\">Restons en contact<\/h2>\t\t<\/div>\n\t\t\t\t<\/div>\n\t\t\t\t\t\t<\/div>\n\t\t\t\t\t<\/div>\n\t\t<\/div>\n\t\t\t\t\t\t\t\t<\/div>\n\t\t\t\t\t<\/div>\n\t\t<\/section>\n\t\t\t\t<section class=\"elementor-section elementor-top-section elementor-element elementor-element-9ea2c22 elementor-section-full_width elementor-section-stretched elementor-section-height-default elementor-section-height-default\" data-id=\"9ea2c22\" data-element_type=\"section\" data-settings=\"{&quot;stretch_section&quot;:&quot;section-stretched&quot;}\">\n\t\t\t\t\t\t<div class=\"elementor-container elementor-column-gap-default\">\n\t\t\t\t\t\t\t<div class=\"elementor-row\">\n\t\t\t\t\t<div class=\"elementor-column elementor-col-50 elementor-top-column elementor-element elementor-element-8f767d8\" data-id=\"8f767d8\" data-element_type=\"column\">\n\t\t\t<div class=\"elementor-column-wrap elementor-element-populated\">\n\t\t\t\t\t\t\t<div class=\"elementor-widget-wrap\">\n\t\t\t\t\t\t<div class=\"elementor-element elementor-element-d098e11 elementor-widget elementor-widget-heading\" data-id=\"d098e11\" data-element_type=\"widget\" data-widget_type=\"heading.default\">\n\t\t\t\t<div class=\"elementor-widget-container\">\n\t\t\t<h2 class=\"elementor-heading-title elementor-size-large\">Nous joindre<\/h2>\t\t<\/div>\n\t\t\t\t<\/div>\n\t\t\t\t<div class=\"elementor-element elementor-element-9f3c10c elementor-widget elementor-widget-text-editor\" data-id=\"9f3c10c\" data-element_type=\"widget\" data-widget_type=\"text-editor.default\">\n\t\t\t\t<div class=\"elementor-widget-container\">\n\t\t\t\t\t\t\t\t<div class=\"elementor-text-editor elementor-clearfix\">\n\t\t\t\t<p style=\"text-align: left;\"><strong><em><span style=\"font-size: 14pt;\"><span style=\"color: #000000; letter-spacing: 0.1px;\">02 57 62 05 64<\/span><\/span><\/em><\/strong><\/p><p><\/p><p><span style=\"color: #000000; font-size: 14pt;\">Ludovic et Laetitia Stephan<\/span><\/p><p><span style=\"color: #000000; font-size: 14pt;\">HYCARIS, 1 place Albert Einstein<\/span><\/p><p><span style=\"color: #000000; font-size: 14pt;\">56038 VANNES<\/span><\/p><p><\/p><p><span style=\"color: #000000; font-size: 14pt;\"><span style=\"color: #008c8f;\"><b>Zones d&rsquo;intervention<\/b> :<\/span> Vannes, Lorient, Rennes, Nantes, Bretagne, Grand Ouest.<\/span><\/p>\t\t\t\t\t<\/div>\n\t\t\t\t\t\t<\/div>\n\t\t\t\t<\/div>\n\t\t\t\t<div class=\"elementor-element elementor-element-11d72cb elementor-widget elementor-widget-google_maps\" data-id=\"11d72cb\" data-element_type=\"widget\" data-widget_type=\"google_maps.default\">\n\t\t\t\t<div class=\"elementor-widget-container\">\n\t\t\t\t\t<div class=\"elementor-custom-embed\">\n\t\t\t<iframe frameborder=\"0\" scrolling=\"no\" marginheight=\"0\" marginwidth=\"0\"\n\t\t\t\t\tsrc=\"https:\/\/maps.google.com\/maps?q=Hycaris&#038;t=m&#038;z=13&#038;output=embed&#038;iwloc=near\"\n\t\t\t\t\ttitle=\"Hycaris\"\n\t\t\t\t\taria-label=\"Hycaris\"\n\t\t\t><\/iframe>\n\t\t<\/div>\n\t\t\t\t<\/div>\n\t\t\t\t<\/div>\n\t\t\t\t\t\t<\/div>\n\t\t\t\t\t<\/div>\n\t\t<\/div>\n\t\t\t\t<div class=\"elementor-column elementor-col-50 elementor-top-column elementor-element elementor-element-b462a5d\" data-id=\"b462a5d\" data-element_type=\"column\">\n\t\t\t<div class=\"elementor-column-wrap elementor-element-populated\">\n\t\t\t\t\t\t\t<div class=\"elementor-widget-wrap\">\n\t\t\t\t\t\t<div class=\"elementor-element elementor-element-c0be095 elementor-widget elementor-widget-heading\" data-id=\"c0be095\" data-element_type=\"widget\" data-widget_type=\"heading.default\">\n\t\t\t\t<div class=\"elementor-widget-container\">\n\t\t\t<h2 class=\"elementor-heading-title elementor-size-large\">Nous \u00e9crire<\/h2>\t\t<\/div>\n\t\t\t\t<\/div>\n\t\t\t\t<div class=\"elementor-element elementor-element-f381fb5 eael-wpforms-labels-yes eael-wpforms-form-button-custom elementor-widget elementor-widget-eael-wpforms\" data-id=\"f381fb5\" data-element_type=\"widget\" data-widget_type=\"eael-wpforms.default\">\n\t\t\t\t<div class=\"elementor-widget-container\">\n\t\t\t            <div class=\"eael-contact-form eael-wpforms title-description-hide eael-contact-form-align-default\">\n                                    <div class=\"eael-wpforms-heading\">\n                                                                            <div class=\"eael-contact-form-description eael-wpforms-description\">\n                                Vous avez une question concernant nos prestations ou notre m\u00e9thode ? N&rsquo;h\u00e9sitez pas \u00e0 nous contacter, nous vous r\u00e9pondrons au plus vite. \n                            <\/div>\n                                            <\/div>\n                                <div class=\"wpforms-container wpforms-container-full\" id=\"wpforms-593\"><form id=\"wpforms-form-593\" class=\"wpforms-validate wpforms-form\" data-formid=\"593\" method=\"post\" enctype=\"multipart\/form-data\" action=\"\/index.php\/wp-json\/wp\/v2\/pages\/9\" data-token=\"49a35263008992b0735d811a4c56ade2\"><noscript class=\"wpforms-error-noscript\">Veuillez activer JavaScript dans votre navigateur pour remplir ce formulaire.<\/noscript><div class=\"wpforms-field-container\"><div id=\"wpforms-593-field_0-container\" class=\"wpforms-field wpforms-field-name\" data-field-id=\"0\"><label class=\"wpforms-field-label\" for=\"wpforms-593-field_0\">Nom <span class=\"wpforms-required-label\">*<\/span><\/label><div class=\"wpforms-field-row wpforms-field-medium\"><div class=\"wpforms-field-row-block wpforms-first wpforms-one-half\"><input type=\"text\" id=\"wpforms-593-field_0\" class=\"wpforms-field-name-first wpforms-field-required\" name=\"wpforms[fields][0][first]\" required><label for=\"wpforms-593-field_0\" class=\"wpforms-field-sublabel after \">Pr\u00e9nom<\/label><\/div><div class=\"wpforms-field-row-block wpforms-one-half\"><input type=\"text\" id=\"wpforms-593-field_0-last\" class=\"wpforms-field-name-last wpforms-field-required\" name=\"wpforms[fields][0][last]\" required><label for=\"wpforms-593-field_0-last\" class=\"wpforms-field-sublabel after \">Nom<\/label><\/div><\/div><\/div><div id=\"wpforms-593-field_1-container\" class=\"wpforms-field wpforms-field-email\" data-field-id=\"1\"><label class=\"wpforms-field-label\" for=\"wpforms-593-field_1\">E-mail <span class=\"wpforms-required-label\">*<\/span><\/label><input type=\"email\" id=\"wpforms-593-field_1\" class=\"wpforms-field-medium wpforms-field-required\" name=\"wpforms[fields][1]\" required><\/div><div id=\"wpforms-593-field_2-container\" class=\"wpforms-field wpforms-field-textarea\" data-field-id=\"2\"><label class=\"wpforms-field-label\" for=\"wpforms-593-field_2\">Commentaire ou message <span class=\"wpforms-required-label\">*<\/span><\/label><textarea id=\"wpforms-593-field_2\" class=\"wpforms-field-medium wpforms-field-required\" name=\"wpforms[fields][2]\" required><\/textarea><\/div><\/div><div class=\"wpforms-submit-container\" ><input type=\"hidden\" name=\"wpforms[id]\" value=\"593\"><input type=\"hidden\" name=\"wpforms[author]\" value=\"1\"><button type=\"submit\" name=\"wpforms[submit]\" class=\"wpforms-submit \" id=\"wpforms-submit-593\" value=\"wpforms-submit\" aria-live=\"assertive\" data-alt-text=\"Envoi...\" data-submit-text=\"Envoyer\">Envoyer<\/button><\/div><\/form><\/div>  <!-- .wpforms-container -->            <\/div>\n\t\t<\/div>\n\t\t\t\t<\/div>\n\t\t\t\t\t\t<\/div>\n\t\t\t\t\t<\/div>\n\t\t<\/div>\n\t\t\t\t\t\t\t\t<\/div>\n\t\t\t\t\t<\/div>\n\t\t<\/section>\n\t\t\t\t<section class=\"elementor-section elementor-top-section elementor-element elementor-element-eda6bbc elementor-section-boxed elementor-section-height-default elementor-section-height-default\" data-id=\"eda6bbc\" data-element_type=\"section\">\n\t\t\t\t\t\t<div class=\"elementor-container elementor-column-gap-default\">\n\t\t\t\t\t\t\t<div class=\"elementor-row\">\n\t\t\t\t\t\t\t\t\t<\/div>\n\t\t\t\t\t<\/div>\n\t\t<\/section>\n\t\t\t\t<section class=\"elementor-section elementor-top-section elementor-element elementor-element-8af5a41 elementor-section-boxed elementor-section-height-default elementor-section-height-default\" data-id=\"8af5a41\" data-element_type=\"section\">\n\t\t\t\t\t\t<div class=\"elementor-container elementor-column-gap-default\">\n\t\t\t\t\t\t\t<div class=\"elementor-row\">\n\t\t\t\t\t\t\t\t\t<\/div>\n\t\t\t\t\t<\/div>\n\t\t<\/section>\n\t\t\t\t<section class=\"elementor-section elementor-top-section elementor-element elementor-element-4f7eae1 elementor-section-boxed elementor-section-height-default elementor-section-height-default\" data-id=\"4f7eae1\" data-element_type=\"section\">\n\t\t\t\t\t\t<div class=\"elementor-container elementor-column-gap-default\">\n\t\t\t\t\t\t\t<div class=\"elementor-row\">\n\t\t\t\t\t<div class=\"elementor-column elementor-col-100 elementor-top-column elementor-element elementor-element-99394e4\" data-id=\"99394e4\" data-element_type=\"column\">\n\t\t\t<div class=\"elementor-column-wrap elementor-element-populated\">\n\t\t\t\t\t\t\t<div class=\"elementor-widget-wrap\">\n\t\t\t\t\t\t<div class=\"elementor-element elementor-element-3f96498 elementor-shape-rounded elementor-grid-0 e-grid-align-center elementor-widget elementor-widget-social-icons\" data-id=\"3f96498\" data-element_type=\"widget\" data-widget_type=\"social-icons.default\">\n\t\t\t\t<div class=\"elementor-widget-container\">\n\t\t\t\t\t<div class=\"elementor-social-icons-wrapper elementor-grid\">\n\t\t\t\t\t\t\t<span class=\"elementor-grid-item\">\n\t\t\t\t\t<a class=\"elementor-icon elementor-social-icon elementor-social-icon-facebook elementor-repeater-item-26383e7\" href=\"https:\/\/www.facebook.com\/Hycaris\" target=\"_blank\">\n\t\t\t\t\t\t<span class=\"elementor-screen-only\">Facebook<\/span>\n\t\t\t\t\t\t<i class=\"fab fa-facebook\"><\/i>\t\t\t\t\t<\/a>\n\t\t\t\t<\/span>\n\t\t\t\t\t\t\t<span class=\"elementor-grid-item\">\n\t\t\t\t\t<a class=\"elementor-icon elementor-social-icon elementor-social-icon-youtube elementor-repeater-item-26bc563\" href=\"https:\/\/www.youtube.com\/channel\/UCviY-iPvFi0JS5Z4UsTutlg\" target=\"_blank\">\n\t\t\t\t\t\t<span class=\"elementor-screen-only\">Youtube<\/span>\n\t\t\t\t\t\t<i class=\"fab fa-youtube\"><\/i>\t\t\t\t\t<\/a>\n\t\t\t\t<\/span>\n\t\t\t\t\t\t\t<span class=\"elementor-grid-item\">\n\t\t\t\t\t<a class=\"elementor-icon elementor-social-icon elementor-social-icon-linkedin elementor-repeater-item-eb38abe\" href=\"https:\/\/www.linkedin.com\/company\/18849376\" target=\"_blank\">\n\t\t\t\t\t\t<span class=\"elementor-screen-only\">Linkedin<\/span>\n\t\t\t\t\t\t<i class=\"fab fa-linkedin\"><\/i>\t\t\t\t\t<\/a>\n\t\t\t\t<\/span>\n\t\t\t\t\t<\/div>\n\t\t\t\t<\/div>\n\t\t\t\t<\/div>\n\t\t\t\t\t\t<\/div>\n\t\t\t\t\t<\/div>\n\t\t<\/div>\n\t\t\t\t\t\t\t\t<\/div>\n\t\t\t\t\t<\/div>\n\t\t<\/section>\n\t\t\t\t\t\t<\/div>\n\t\t\t\t\t\t<\/div>\n\t\t\t\t\t<\/div>\n\t\t","protected":false},"excerpt":{"rendered":"<p>Restons en contact Nous joindre 02 57 62 05 64 Ludovic et Laetitia Stephan HYCARIS, 1 place Albert Einstein 56038 VANNES Zones d&rsquo;intervention : Vannes, Lorient, Rennes, Nantes, Bretagne, Grand Ouest. Nous \u00e9crire Vous avez une question concernant nos prestations ou notre m\u00e9thode ? N&#8217;h\u00e9sitez pas \u00e0 nous contacter, nous [&hellip;]<\/p>\n","protected":false},"author":1,"featured_media":4,"parent":0,"menu_order":0,"comment_status":"closed","ping_status":"closed","template":"","meta":{"spay_email":""},"yoast_head":"<!-- This site is optimized with the Yoast SEO plugin v16.9 - https:\/\/yoast.com\/wordpress\/plugins\/seo\/ -->\n<title>Contact &bull; Hycaris<\/title>\n<meta name=\"robots\" content=\"index, follow, max-snippet:-1, max-image-preview:large, max-video-preview:-1\" \/>\n<link rel=\"canonical\" href=\"https:\/\/hycaris.com\/index.php\/contact\/\" \/>\n<meta property=\"og:locale\" content=\"fr_FR\" \/>\n<meta property=\"og:type\" content=\"article\" \/>\n<meta property=\"og:title\" content=\"Contact &bull; Hycaris\" \/>\n<meta property=\"og:description\" content=\"Restons en contact Nous joindre 02 57 62 05 64 Ludovic et Laetitia Stephan HYCARIS, 1 place Albert Einstein 56038 VANNES Zones d&rsquo;intervention : Vannes, Lorient, Rennes, Nantes, Bretagne, Grand Ouest. Nous \u00e9crire Vous avez une question concernant nos prestations ou notre m\u00e9thode ? N&#8217;h\u00e9sitez pas \u00e0 nous contacter, nous [&hellip;]\" \/>\n<meta property=\"og:url\" content=\"https:\/\/hycaris.com\/index.php\/contact\/\" \/>\n<meta property=\"og:site_name\" content=\"Hycaris\" \/>\n<meta property=\"article:publisher\" content=\"https:\/\/www.facebook.com\/Hycaris\/\" \/>\n<meta property=\"article:modified_time\" content=\"2021-07-08T13:56:59+00:00\" \/>\n<meta property=\"og:image\" content=\"https:\/\/hycaris.com\/wp-content\/uploads\/2018\/06\/espresso.jpg\" \/>\n\t<meta property=\"og:image:width\" content=\"2000\" \/>\n\t<meta property=\"og:image:height\" content=\"1200\" \/>\n<meta name=\"twitter:card\" content=\"summary_large_image\" \/>\n<meta name=\"twitter:label1\" content=\"Dur\u00e9e de lecture est.\" \/>\n\t<meta name=\"twitter:data1\" content=\"1 minute\" \/>\n<script type=\"application\/ld+json\" class=\"yoast-schema-graph\">{\"@context\":\"https:\/\/schema.org\",\"@graph\":[{\"@type\":\"Organization\",\"@id\":\"https:\/\/hycaris.com\/#organization\",\"name\":\"Hycaris\",\"url\":\"https:\/\/hycaris.com\/\",\"sameAs\":[\"https:\/\/www.facebook.com\/Hycaris\/\",\"https:\/\/www.linkedin.com\/company\/18849376\",\"https:\/\/www.youtube.com\/channel\/UCviY-iPvFi0JS5Z4UsTutlg\"],\"logo\":{\"@type\":\"ImageObject\",\"@id\":\"https:\/\/hycaris.com\/#logo\",\"inLanguage\":\"fr-FR\",\"url\":\"https:\/\/hycaris.com\/wp-content\/uploads\/2018\/06\/logo-Hycaris-4-couleur.png\",\"contentUrl\":\"https:\/\/hycaris.com\/wp-content\/uploads\/2018\/06\/logo-Hycaris-4-couleur.png\",\"width\":550,\"height\":350,\"caption\":\"Hycaris\"},\"image\":{\"@id\":\"https:\/\/hycaris.com\/#logo\"}},{\"@type\":\"WebSite\",\"@id\":\"https:\/\/hycaris.com\/#website\",\"url\":\"https:\/\/hycaris.com\/\",\"name\":\"Hycaris\",\"description\":\"L&#039;\\u00e9quilibre en entreprise\",\"publisher\":{\"@id\":\"https:\/\/hycaris.com\/#organization\"},\"potentialAction\":[{\"@type\":\"SearchAction\",\"target\":{\"@type\":\"EntryPoint\",\"urlTemplate\":\"https:\/\/hycaris.com\/?s={search_term_string}\"},\"query-input\":\"required name=search_term_string\"}],\"inLanguage\":\"fr-FR\"},{\"@type\":\"ImageObject\",\"@id\":\"https:\/\/hycaris.com\/index.php\/contact\/#primaryimage\",\"inLanguage\":\"fr-FR\",\"url\":\"https:\/\/hycaris.com\/wp-content\/uploads\/2018\/06\/espresso.jpg\",\"contentUrl\":\"https:\/\/hycaris.com\/wp-content\/uploads\/2018\/06\/espresso.jpg\",\"width\":2000,\"height\":1200},{\"@type\":\"WebPage\",\"@id\":\"https:\/\/hycaris.com\/index.php\/contact\/#webpage\",\"url\":\"https:\/\/hycaris.com\/index.php\/contact\/\",\"name\":\"Contact &bull; Hycaris\",\"isPartOf\":{\"@id\":\"https:\/\/hycaris.com\/#website\"},\"primaryImageOfPage\":{\"@id\":\"https:\/\/hycaris.com\/index.php\/contact\/#primaryimage\"},\"datePublished\":\"2018-06-07T10:00:12+00:00\",\"dateModified\":\"2021-07-08T13:56:59+00:00\",\"breadcrumb\":{\"@id\":\"https:\/\/hycaris.com\/index.php\/contact\/#breadcrumb\"},\"inLanguage\":\"fr-FR\",\"potentialAction\":[{\"@type\":\"ReadAction\",\"target\":[\"https:\/\/hycaris.com\/index.php\/contact\/\"]}]},{\"@type\":\"BreadcrumbList\",\"@id\":\"https:\/\/hycaris.com\/index.php\/contact\/#breadcrumb\",\"itemListElement\":[{\"@type\":\"ListItem\",\"position\":1,\"name\":\"Accueil\",\"item\":\"https:\/\/hycaris.com\/\"},{\"@type\":\"ListItem\",\"position\":2,\"name\":\"Contact\"}]}]}<\/script>\n<!-- \/ Yoast SEO plugin. -->","yoast_head_json":{"title":"Contact &bull; Hycaris","robots":{"index":"index","follow":"follow","max-snippet":"max-snippet:-1","max-image-preview":"max-image-preview:large","max-video-preview":"max-video-preview:-1"},"canonical":"https:\/\/hycaris.com\/index.php\/contact\/","og_locale":"fr_FR","og_type":"article","og_title":"Contact &bull; Hycaris","og_description":"Restons en contact Nous joindre 02 57 62 05 64 Ludovic et Laetitia Stephan HYCARIS, 1 place Albert Einstein 56038 VANNES Zones d&rsquo;intervention : Vannes, Lorient, Rennes, Nantes, Bretagne, Grand Ouest. Nous \u00e9crire Vous avez une question concernant nos prestations ou notre m\u00e9thode ? N&#8217;h\u00e9sitez pas \u00e0 nous contacter, nous [&hellip;]","og_url":"https:\/\/hycaris.com\/index.php\/contact\/","og_site_name":"Hycaris","article_publisher":"https:\/\/www.facebook.com\/Hycaris\/","article_modified_time":"2021-07-08T13:56:59+00:00","og_image":[{"width":2000,"height":1200,"url":"https:\/\/hycaris.com\/wp-content\/uploads\/2018\/06\/espresso.jpg","path":"\/home\/hycariscpq\/www\/wp-content\/uploads\/2018\/06\/espresso.jpg","size":"full","id":4,"alt":"","pixels":2400000,"type":"image\/jpeg"}],"twitter_card":"summary_large_image","twitter_misc":{"Dur\u00e9e de lecture est.":"1 minute"},"schema":{"@context":"https:\/\/schema.org","@graph":[{"@type":"Organization","@id":"https:\/\/hycaris.com\/#organization","name":"Hycaris","url":"https:\/\/hycaris.com\/","sameAs":["https:\/\/www.facebook.com\/Hycaris\/","https:\/\/www.linkedin.com\/company\/18849376","https:\/\/www.youtube.com\/channel\/UCviY-iPvFi0JS5Z4UsTutlg"],"logo":{"@type":"ImageObject","@id":"https:\/\/hycaris.com\/#logo","inLanguage":"fr-FR","url":"https:\/\/hycaris.com\/wp-content\/uploads\/2018\/06\/logo-Hycaris-4-couleur.png","contentUrl":"https:\/\/hycaris.com\/wp-content\/uploads\/2018\/06\/logo-Hycaris-4-couleur.png","width":550,"height":350,"caption":"Hycaris"},"image":{"@id":"https:\/\/hycaris.com\/#logo"}},{"@type":"WebSite","@id":"https:\/\/hycaris.com\/#website","url":"https:\/\/hycaris.com\/","name":"Hycaris","description":"L&#039;\u00e9quilibre en entreprise","publisher":{"@id":"https:\/\/hycaris.com\/#organization"},"potentialAction":[{"@type":"SearchAction","target":{"@type":"EntryPoint","urlTemplate":"https:\/\/hycaris.com\/?s={search_term_string}"},"query-input":"required name=search_term_string"}],"inLanguage":"fr-FR"},{"@type":"ImageObject","@id":"https:\/\/hycaris.com\/index.php\/contact\/#primaryimage","inLanguage":"fr-FR","url":"https:\/\/hycaris.com\/wp-content\/uploads\/2018\/06\/espresso.jpg","contentUrl":"https:\/\/hycaris.com\/wp-content\/uploads\/2018\/06\/espresso.jpg","width":2000,"height":1200},{"@type":"WebPage","@id":"https:\/\/hycaris.com\/index.php\/contact\/#webpage","url":"https:\/\/hycaris.com\/index.php\/contact\/","name":"Contact &bull; Hycaris","isPartOf":{"@id":"https:\/\/hycaris.com\/#website"},"primaryImageOfPage":{"@id":"https:\/\/hycaris.com\/index.php\/contact\/#primaryimage"},"datePublished":"2018-06-07T10:00:12+00:00","dateModified":"2021-07-08T13:56:59+00:00","breadcrumb":{"@id":"https:\/\/hycaris.com\/index.php\/contact\/#breadcrumb"},"inLanguage":"fr-FR","potentialAction":[{"@type":"ReadAction","target":["https:\/\/hycaris.com\/index.php\/contact\/"]}]},{"@type":"BreadcrumbList","@id":"https:\/\/hycaris.com\/index.php\/contact\/#breadcrumb","itemListElement":[{"@type":"ListItem","position":1,"name":"Accueil","item":"https:\/\/hycaris.com\/"},{"@type":"ListItem","position":2,"name":"Contact"}]}]}},"_links":{"self":[{"href":"https:\/\/hycaris.com\/index.php\/wp-json\/wp\/v2\/pages\/9"}],"collection":[{"href":"https:\/\/hycaris.com\/index.php\/wp-json\/wp\/v2\/pages"}],"about":[{"href":"https:\/\/hycaris.com\/index.php\/wp-json\/wp\/v2\/types\/page"}],"author":[{"embeddable":true,"href":"https:\/\/hycaris.com\/index.php\/wp-json\/wp\/v2\/users\/1"}],"replies":[{"embeddable":true,"href":"https:\/\/hycaris.com\/index.php\/wp-json\/wp\/v2\/comments?post=9"}],"version-history":[{"count":21,"href":"https:\/\/hycaris.com\/index.php\/wp-json\/wp\/v2\/pages\/9\/revisions"}],"predecessor-version":[{"id":2309,"href":"https:\/\/hycaris.com\/index.php\/wp-json\/wp\/v2\/pages\/9\/revisions\/2309"}],"wp:featuredmedia":[{"embeddable":true,"href":"https:\/\/hycaris.com\/index.php\/wp-json\/wp\/v2\/media\/4"}],"wp:attachment":[{"href":"https:\/\/hycaris.com\/index.php\/wp-json\/wp\/v2\/media?parent=9"}],"curies":[{"name":"wp","href":"https:\/\/api.w.org\/{rel}","templated":true}]}}